{"id":4797,"date":"2026-02-21T16:51:37","date_gmt":"2026-02-21T15:51:37","guid":{"rendered":"https:\/\/egiarecords.com\/?post_type=product&#038;p=4797"},"modified":"2026-02-21T16:51:38","modified_gmt":"2026-02-21T15:51:38","slug":"kneecap-fine-art","status":"publish","type":"product","link":"https:\/\/egiarecords.com\/eu\/denda\/kneecap-fine-art\/","title":{"rendered":"Kneecap &#8211; Fine Art"},"content":{"rendered":"<p>M\u00e1s que un disco, <i data-path-to-node=\"2,2,0\" data-index-in-node=\"35\">Fine Art<\/i> es una declaraci\u00f3n cultural que demuestra que el idioma irland\u00e9s no pertenece al pasado, sino al presente m\u00e1s crudo, vibrante y rebelde de las calles<\/p>\n<p>Producido por Toddla T, el \u00e1lbum es un viaje fren\u00e9tico que te lleva de un pub lleno de humo a una &#8216;rave&#8217; ilegal, fusionando ritmos de grime, rave y boom-bap en una narrativa conceptual fascinante.<\/p>\n","protected":false},"excerpt":{"rendered":"<p>M\u00e1s que un disco, Fine Art es una declaraci\u00f3n cultural que demuestra que el idioma irland\u00e9s no pertenece al pasado, sino al presente m\u00e1s crudo, vibrante y rebelde de las calles Producido por Toddla T, el \u00e1lbum es un viaje fren\u00e9tico que te lleva de un pub lleno de humo a una &#8216;rave&#8217; ilegal, fusionando [&hellip;]<\/p>\n","protected":false},"featured_media":4800,"template":"","meta":[],"product_brand":[],"product_cat":[689],"product_tag":[],"sello":[1442],"artista":[1441],"class_list":{"0":"post-4797","1":"product","2":"type-product","3":"status-publish","4":"has-post-thumbnail","6":"product_cat-vinilos","7":"sello-heavenly","8":"artista-kneecap","9":"fecha-334","10":"estilo-conscious","12":"first","13":"instock","14":"taxable","15":"shipping-taxable","16":"purchasable","17":"product-type-simple"},"_links":{"self":[{"href":"https:\/\/egiarecords.com\/eu\/wp-json\/wp\/v2\/product\/4797","targetHints":{"allow":["GET"]}}],"collection":[{"href":"https:\/\/egiarecords.com\/eu\/wp-json\/wp\/v2\/product"}],"about":[{"href":"https:\/\/egiarecords.com\/eu\/wp-json\/wp\/v2\/types\/product"}],"wp:featuredmedia":[{"embeddable":true,"href":"https:\/\/egiarecords.com\/eu\/wp-json\/wp\/v2\/media\/4800"}],"wp:attachment":[{"href":"https:\/\/egiarecords.com\/eu\/wp-json\/wp\/v2\/media?parent=4797"}],"wp:term":[{"taxonomy":"product_brand","embeddable":true,"href":"https:\/\/egiarecords.com\/eu\/wp-json\/wp\/v2\/product_brand?post=4797"},{"taxonomy":"product_cat","embeddable":true,"href":"https:\/\/egiarecords.com\/eu\/wp-json\/wp\/v2\/product_cat?post=4797"},{"taxonomy":"product_tag","embeddable":true,"href":"https:\/\/egiarecords.com\/eu\/wp-json\/wp\/v2\/product_tag?post=4797"},{"taxonomy":"sello","embeddable":true,"href":"https:\/\/egiarecords.com\/eu\/wp-json\/wp\/v2\/sello?post=4797"},{"taxonomy":"artista","embeddable":true,"href":"https:\/\/egiarecords.com\/eu\/wp-json\/wp\/v2\/artista?post=4797"}],"curies":[{"name":"wp","href":"https:\/\/api.w.org\/{rel}","templated":true}]}}