{"id":4752,"date":"2026-02-18T10:54:56","date_gmt":"2026-02-18T09:54:56","guid":{"rendered":"https:\/\/egiarecords.com\/?post_type=product&#038;p=4752"},"modified":"2026-04-25T15:44:33","modified_gmt":"2026-04-25T13:44:33","slug":"dr-dre-the-chronic","status":"publish","type":"product","link":"https:\/\/egiarecords.com\/eu\/denda\/dr-dre-the-chronic\/","title":{"rendered":"Dr. Dre &#8211; The Chronic"},"content":{"rendered":"<p>Con este disco, Dre invent\u00f3 el <b data-path-to-node=\"2,0,0\" data-index-in-node=\"47\">G-Funk<\/b>, ralentizando los ritmos del funk de Parliament-Funkadelic y a\u00f1adiendo sintetizadores mel\u00f3dicos que se convirtieron en la marca registrada de California<\/p>\n","protected":false},"excerpt":{"rendered":"<p>Con este disco, Dre invent\u00f3 el G-Funk, ralentizando los ritmos del funk de Parliament-Funkadelic y a\u00f1adiendo sintetizadores mel\u00f3dicos que se convirtieron en la marca registrada de California<\/p>\n","protected":false},"featured_media":4755,"template":"","meta":[],"product_brand":[],"product_cat":[689],"product_tag":[],"sello":[639],"artista":[1426],"class_list":{"0":"post-4752","1":"product","2":"type-product","3":"status-publish","4":"has-post-thumbnail","6":"product_cat-vinilos","7":"sello-death-row-records","8":"artista-dr-dre","9":"fecha-306","10":"estilo-g-funk","11":"estilo-gangsta","13":"first","14":"instock","15":"taxable","16":"shipping-taxable","17":"purchasable","18":"product-type-simple"},"_links":{"self":[{"href":"https:\/\/egiarecords.com\/eu\/wp-json\/wp\/v2\/product\/4752","targetHints":{"allow":["GET"]}}],"collection":[{"href":"https:\/\/egiarecords.com\/eu\/wp-json\/wp\/v2\/product"}],"about":[{"href":"https:\/\/egiarecords.com\/eu\/wp-json\/wp\/v2\/types\/product"}],"wp:featuredmedia":[{"embeddable":true,"href":"https:\/\/egiarecords.com\/eu\/wp-json\/wp\/v2\/media\/4755"}],"wp:attachment":[{"href":"https:\/\/egiarecords.com\/eu\/wp-json\/wp\/v2\/media?parent=4752"}],"wp:term":[{"taxonomy":"product_brand","embeddable":true,"href":"https:\/\/egiarecords.com\/eu\/wp-json\/wp\/v2\/product_brand?post=4752"},{"taxonomy":"product_cat","embeddable":true,"href":"https:\/\/egiarecords.com\/eu\/wp-json\/wp\/v2\/product_cat?post=4752"},{"taxonomy":"product_tag","embeddable":true,"href":"https:\/\/egiarecords.com\/eu\/wp-json\/wp\/v2\/product_tag?post=4752"},{"taxonomy":"sello","embeddable":true,"href":"https:\/\/egiarecords.com\/eu\/wp-json\/wp\/v2\/sello?post=4752"},{"taxonomy":"artista","embeddable":true,"href":"https:\/\/egiarecords.com\/eu\/wp-json\/wp\/v2\/artista?post=4752"}],"curies":[{"name":"wp","href":"https:\/\/api.w.org\/{rel}","templated":true}]}}