{"id":4725,"date":"2026-02-16T16:51:06","date_gmt":"2026-02-16T15:51:06","guid":{"rendered":"https:\/\/egiarecords.com\/?post_type=product&#038;p=4725"},"modified":"2026-02-16T16:51:06","modified_gmt":"2026-02-16T15:51:06","slug":"joe-bataan-call-my-name","status":"publish","type":"product","link":"https:\/\/egiarecords.com\/eu\/denda\/joe-bataan-call-my-name\/","title":{"rendered":"Joe Bataan &#8211; Call My Name"},"content":{"rendered":"<p>Tras d\u00e9cadas de silencio, Bataan volvi\u00f3 de la mano de Daniel Coll\u00e1s para demostrar que su trono como arquitecto del Salsoul y el Latin Soul segu\u00eda intacto y m\u00e1s vibrante que nunca<\/p>\n","protected":false},"excerpt":{"rendered":"<p>Tras d\u00e9cadas de silencio, Bataan volvi\u00f3 de la mano de Daniel Coll\u00e1s para demostrar que su trono como arquitecto del Salsoul y el Latin Soul segu\u00eda intacto y m\u00e1s vibrante que nunca<\/p>\n","protected":false},"featured_media":4727,"template":"","meta":[],"product_brand":[],"product_cat":[689],"product_tag":[],"sello":[821],"artista":[1002],"class_list":{"0":"post-4725","1":"product","2":"type-product","3":"status-publish","4":"has-post-thumbnail","6":"product_cat-vinilos","7":"sello-vampi-soul","8":"artista-joe-bataan","9":"fecha-368","10":"estilo-funk","12":"first","13":"instock","14":"taxable","15":"shipping-taxable","16":"purchasable","17":"product-type-simple"},"_links":{"self":[{"href":"https:\/\/egiarecords.com\/eu\/wp-json\/wp\/v2\/product\/4725","targetHints":{"allow":["GET"]}}],"collection":[{"href":"https:\/\/egiarecords.com\/eu\/wp-json\/wp\/v2\/product"}],"about":[{"href":"https:\/\/egiarecords.com\/eu\/wp-json\/wp\/v2\/types\/product"}],"wp:featuredmedia":[{"embeddable":true,"href":"https:\/\/egiarecords.com\/eu\/wp-json\/wp\/v2\/media\/4727"}],"wp:attachment":[{"href":"https:\/\/egiarecords.com\/eu\/wp-json\/wp\/v2\/media?parent=4725"}],"wp:term":[{"taxonomy":"product_brand","embeddable":true,"href":"https:\/\/egiarecords.com\/eu\/wp-json\/wp\/v2\/product_brand?post=4725"},{"taxonomy":"product_cat","embeddable":true,"href":"https:\/\/egiarecords.com\/eu\/wp-json\/wp\/v2\/product_cat?post=4725"},{"taxonomy":"product_tag","embeddable":true,"href":"https:\/\/egiarecords.com\/eu\/wp-json\/wp\/v2\/product_tag?post=4725"},{"taxonomy":"sello","embeddable":true,"href":"https:\/\/egiarecords.com\/eu\/wp-json\/wp\/v2\/sello?post=4725"},{"taxonomy":"artista","embeddable":true,"href":"https:\/\/egiarecords.com\/eu\/wp-json\/wp\/v2\/artista?post=4725"}],"curies":[{"name":"wp","href":"https:\/\/api.w.org\/{rel}","templated":true}]}}