{"id":4720,"date":"2026-02-16T16:48:45","date_gmt":"2026-02-16T15:48:45","guid":{"rendered":"https:\/\/egiarecords.com\/?post_type=product&#038;p=4720"},"modified":"2026-02-16T16:48:45","modified_gmt":"2026-02-16T15:48:45","slug":"luiz-eca-y-la-familia-sagrada-la-nueva-onda-del-brasil","status":"publish","type":"product","link":"https:\/\/egiarecords.com\/eu\/denda\/luiz-eca-y-la-familia-sagrada-la-nueva-onda-del-brasil\/","title":{"rendered":"Luiz E\u00e7a Y La Familia Sagrada &#8211; La Nueva Onda Del Brasil"},"content":{"rendered":"<p>Es un \u00e1lbum fascinante donde el genio de Luiz E\u00e7a (de Tamba Trio) expande los l\u00edmites de la bossa nova hacia un sonido orquestal, psicod\u00e9lico y profundamente espiritual<\/p>\n","protected":false},"excerpt":{"rendered":"<p>Es un \u00e1lbum fascinante donde el genio de Luiz E\u00e7a (de Tamba Trio) expande los l\u00edmites de la bossa nova hacia un sonido orquestal, psicod\u00e9lico y profundamente espiritual<\/p>\n","protected":false},"featured_media":4723,"template":"","meta":[],"product_brand":[],"product_cat":[689],"product_tag":[],"sello":[1419],"artista":[1415],"class_list":{"0":"post-4720","1":"product","2":"type-product","3":"status-publish","4":"has-post-thumbnail","6":"product_cat-vinilos","7":"sello-rvv","8":"artista-luiz-eca-y-la-familia-sagrada","9":"fecha-1418","10":"estilo-bossa-nova","11":"estilo-latin-jazz","13":"first","14":"instock","15":"taxable","16":"shipping-taxable","17":"purchasable","18":"product-type-simple"},"_links":{"self":[{"href":"https:\/\/egiarecords.com\/eu\/wp-json\/wp\/v2\/product\/4720","targetHints":{"allow":["GET"]}}],"collection":[{"href":"https:\/\/egiarecords.com\/eu\/wp-json\/wp\/v2\/product"}],"about":[{"href":"https:\/\/egiarecords.com\/eu\/wp-json\/wp\/v2\/types\/product"}],"wp:featuredmedia":[{"embeddable":true,"href":"https:\/\/egiarecords.com\/eu\/wp-json\/wp\/v2\/media\/4723"}],"wp:attachment":[{"href":"https:\/\/egiarecords.com\/eu\/wp-json\/wp\/v2\/media?parent=4720"}],"wp:term":[{"taxonomy":"product_brand","embeddable":true,"href":"https:\/\/egiarecords.com\/eu\/wp-json\/wp\/v2\/product_brand?post=4720"},{"taxonomy":"product_cat","embeddable":true,"href":"https:\/\/egiarecords.com\/eu\/wp-json\/wp\/v2\/product_cat?post=4720"},{"taxonomy":"product_tag","embeddable":true,"href":"https:\/\/egiarecords.com\/eu\/wp-json\/wp\/v2\/product_tag?post=4720"},{"taxonomy":"sello","embeddable":true,"href":"https:\/\/egiarecords.com\/eu\/wp-json\/wp\/v2\/sello?post=4720"},{"taxonomy":"artista","embeddable":true,"href":"https:\/\/egiarecords.com\/eu\/wp-json\/wp\/v2\/artista?post=4720"}],"curies":[{"name":"wp","href":"https:\/\/api.w.org\/{rel}","templated":true}]}}