{"id":4710,"date":"2026-02-16T12:48:21","date_gmt":"2026-02-16T11:48:21","guid":{"rendered":"https:\/\/egiarecords.com\/?post_type=product&#038;p=4710"},"modified":"2026-03-21T19:02:52","modified_gmt":"2026-03-21T18:02:52","slug":"vulpess-me-gusta-ser-una-zorra","status":"publish","type":"product","link":"https:\/\/egiarecords.com\/eu\/denda\/vulpess-me-gusta-ser-una-zorra\/","title":{"rendered":"Vulpess &#8211; Me Gusta Ser Una Zorra"},"content":{"rendered":"<p>Es la canci\u00f3n que rompi\u00f3 todos los tab\u00faes de la Espa\u00f1a de los 80, una versi\u00f3n libre del &#8216;I Wanna Be Your Dog&#8217; de The Stooges que se convirti\u00f3 en un grito de libertad y provocaci\u00f3n femenina.<\/p>\n","protected":false},"excerpt":{"rendered":"<p>Es la canci\u00f3n que rompi\u00f3 todos los tab\u00faes de la Espa\u00f1a de los 80, una versi\u00f3n libre del &#8216;I Wanna Be Your Dog&#8217; de The Stooges que se convirti\u00f3 en un grito de libertad y provocaci\u00f3n femenina.<\/p>\n","protected":false},"featured_media":4712,"template":"","meta":[],"product_brand":[],"product_cat":[1374,689],"product_tag":[],"sello":[1357],"artista":[1413],"class_list":{"0":"post-4710","1":"product","2":"type-product","3":"status-publish","4":"has-post-thumbnail","6":"product_cat-monster","7":"product_cat-vinilos","8":"sello-munster-records","9":"artista-vulpess","10":"fecha-306","11":"estilo-punk","13":"first","14":"onbackorder","15":"taxable","16":"shipping-taxable","17":"purchasable","18":"product-type-simple"},"_links":{"self":[{"href":"https:\/\/egiarecords.com\/eu\/wp-json\/wp\/v2\/product\/4710","targetHints":{"allow":["GET"]}}],"collection":[{"href":"https:\/\/egiarecords.com\/eu\/wp-json\/wp\/v2\/product"}],"about":[{"href":"https:\/\/egiarecords.com\/eu\/wp-json\/wp\/v2\/types\/product"}],"wp:featuredmedia":[{"embeddable":true,"href":"https:\/\/egiarecords.com\/eu\/wp-json\/wp\/v2\/media\/4712"}],"wp:attachment":[{"href":"https:\/\/egiarecords.com\/eu\/wp-json\/wp\/v2\/media?parent=4710"}],"wp:term":[{"taxonomy":"product_brand","embeddable":true,"href":"https:\/\/egiarecords.com\/eu\/wp-json\/wp\/v2\/product_brand?post=4710"},{"taxonomy":"product_cat","embeddable":true,"href":"https:\/\/egiarecords.com\/eu\/wp-json\/wp\/v2\/product_cat?post=4710"},{"taxonomy":"product_tag","embeddable":true,"href":"https:\/\/egiarecords.com\/eu\/wp-json\/wp\/v2\/product_tag?post=4710"},{"taxonomy":"sello","embeddable":true,"href":"https:\/\/egiarecords.com\/eu\/wp-json\/wp\/v2\/sello?post=4710"},{"taxonomy":"artista","embeddable":true,"href":"https:\/\/egiarecords.com\/eu\/wp-json\/wp\/v2\/artista?post=4710"}],"curies":[{"name":"wp","href":"https:\/\/api.w.org\/{rel}","templated":true}]}}