{"id":4691,"date":"2026-02-16T11:26:31","date_gmt":"2026-02-16T10:26:31","guid":{"rendered":"https:\/\/egiarecords.com\/?post_type=product&#038;p=4691"},"modified":"2026-02-16T11:26:31","modified_gmt":"2026-02-16T10:26:31","slug":"the-monks-black-monk-time","status":"publish","type":"product","link":"https:\/\/egiarecords.com\/eu\/denda\/the-monks-black-monk-time\/","title":{"rendered":"The Monks &#8211; Black Monk Time"},"content":{"rendered":"<p>rabado por ex-GIs estadounidenses en Alemania, este disco se adelant\u00f3 una d\u00e9cada al punk con su uso del feedback, ritmos hipn\u00f3ticos y una agresividad inaudita para 1966<\/p>\n","protected":false},"excerpt":{"rendered":"<p>rabado por ex-GIs estadounidenses en Alemania, este disco se adelant\u00f3 una d\u00e9cada al punk con su uso del feedback, ritmos hipn\u00f3ticos y una agresividad inaudita para 1966<\/p>\n","protected":false},"featured_media":4694,"template":"","meta":[],"product_brand":[],"product_cat":[1374,689],"product_tag":[],"sello":[1357],"artista":[1406],"class_list":{"0":"post-4691","1":"product","2":"type-product","3":"status-publish","4":"has-post-thumbnail","6":"product_cat-monster","7":"product_cat-vinilos","8":"sello-munster-records","9":"artista-the-monks","10":"fecha-305","11":"estilo-beat","12":"estilo-garage-rock","14":"first","15":"instock","16":"taxable","17":"shipping-taxable","18":"purchasable","19":"product-type-simple"},"_links":{"self":[{"href":"https:\/\/egiarecords.com\/eu\/wp-json\/wp\/v2\/product\/4691","targetHints":{"allow":["GET"]}}],"collection":[{"href":"https:\/\/egiarecords.com\/eu\/wp-json\/wp\/v2\/product"}],"about":[{"href":"https:\/\/egiarecords.com\/eu\/wp-json\/wp\/v2\/types\/product"}],"wp:featuredmedia":[{"embeddable":true,"href":"https:\/\/egiarecords.com\/eu\/wp-json\/wp\/v2\/media\/4694"}],"wp:attachment":[{"href":"https:\/\/egiarecords.com\/eu\/wp-json\/wp\/v2\/media?parent=4691"}],"wp:term":[{"taxonomy":"product_brand","embeddable":true,"href":"https:\/\/egiarecords.com\/eu\/wp-json\/wp\/v2\/product_brand?post=4691"},{"taxonomy":"product_cat","embeddable":true,"href":"https:\/\/egiarecords.com\/eu\/wp-json\/wp\/v2\/product_cat?post=4691"},{"taxonomy":"product_tag","embeddable":true,"href":"https:\/\/egiarecords.com\/eu\/wp-json\/wp\/v2\/product_tag?post=4691"},{"taxonomy":"sello","embeddable":true,"href":"https:\/\/egiarecords.com\/eu\/wp-json\/wp\/v2\/sello?post=4691"},{"taxonomy":"artista","embeddable":true,"href":"https:\/\/egiarecords.com\/eu\/wp-json\/wp\/v2\/artista?post=4691"}],"curies":[{"name":"wp","href":"https:\/\/api.w.org\/{rel}","templated":true}]}}