{"id":4679,"date":"2026-02-16T11:08:34","date_gmt":"2026-02-16T10:08:34","guid":{"rendered":"https:\/\/egiarecords.com\/?post_type=product&#038;p=4679"},"modified":"2026-03-24T12:11:32","modified_gmt":"2026-03-24T11:11:32","slug":"999-the-biggest-prize-in-sport","status":"publish","type":"product","link":"https:\/\/egiarecords.com\/eu\/denda\/999-the-biggest-prize-in-sport\/","title":{"rendered":"999 &#8211; The Biggest Prize In Sport"},"content":{"rendered":"<p>Con una producci\u00f3n m\u00e1s limpia y ritmos casi cercanos al ska y la new wave, el \u00e1lbum est\u00e1 lleno de ganchos mel\u00f3dicos y estribillos que se pegan a la primera escucha<\/p>\n","protected":false},"excerpt":{"rendered":"<p>Con una producci\u00f3n m\u00e1s limpia y ritmos casi cercanos al ska y la new wave, el \u00e1lbum est\u00e1 lleno de ganchos mel\u00f3dicos y estribillos que se pegan a la primera escucha<\/p>\n","protected":false},"featured_media":4682,"template":"","meta":[],"product_brand":[],"product_cat":[1374,689],"product_tag":[],"sello":[1388],"artista":[1404],"class_list":{"0":"post-4679","1":"product","2":"type-product","3":"status-publish","4":"has-post-thumbnail","6":"product_cat-monster","7":"product_cat-vinilos","8":"sello-restless-empire","9":"artista-1404","10":"fecha-528","11":"estilo-punk","13":"first","14":"instock","15":"taxable","16":"shipping-taxable","17":"purchasable","18":"product-type-simple"},"_links":{"self":[{"href":"https:\/\/egiarecords.com\/eu\/wp-json\/wp\/v2\/product\/4679","targetHints":{"allow":["GET"]}}],"collection":[{"href":"https:\/\/egiarecords.com\/eu\/wp-json\/wp\/v2\/product"}],"about":[{"href":"https:\/\/egiarecords.com\/eu\/wp-json\/wp\/v2\/types\/product"}],"wp:featuredmedia":[{"embeddable":true,"href":"https:\/\/egiarecords.com\/eu\/wp-json\/wp\/v2\/media\/4682"}],"wp:attachment":[{"href":"https:\/\/egiarecords.com\/eu\/wp-json\/wp\/v2\/media?parent=4679"}],"wp:term":[{"taxonomy":"product_brand","embeddable":true,"href":"https:\/\/egiarecords.com\/eu\/wp-json\/wp\/v2\/product_brand?post=4679"},{"taxonomy":"product_cat","embeddable":true,"href":"https:\/\/egiarecords.com\/eu\/wp-json\/wp\/v2\/product_cat?post=4679"},{"taxonomy":"product_tag","embeddable":true,"href":"https:\/\/egiarecords.com\/eu\/wp-json\/wp\/v2\/product_tag?post=4679"},{"taxonomy":"sello","embeddable":true,"href":"https:\/\/egiarecords.com\/eu\/wp-json\/wp\/v2\/sello?post=4679"},{"taxonomy":"artista","embeddable":true,"href":"https:\/\/egiarecords.com\/eu\/wp-json\/wp\/v2\/artista?post=4679"}],"curies":[{"name":"wp","href":"https:\/\/api.w.org\/{rel}","templated":true}]}}