{"id":4644,"date":"2026-02-13T21:06:16","date_gmt":"2026-02-13T20:06:16","guid":{"rendered":"https:\/\/egiarecords.com\/?post_type=product&#038;p=4644"},"modified":"2026-04-22T12:07:58","modified_gmt":"2026-04-22T10:07:58","slug":"hector-demolition-the-wired-up-world-of-hector","status":"publish","type":"product","link":"https:\/\/egiarecords.com\/eu\/denda\/hector-demolition-the-wired-up-world-of-hector\/","title":{"rendered":"Hector &#8211; Demolition (The Wired Up World Of Hector)"},"content":{"rendered":"<p>Lo que en 1973 pas\u00f3 desapercibido, hoy es una pieza de coleccionista esencial para entender que antes de la explosi\u00f3n del 77 ya hab\u00eda bandas inyectando adrenalina y suciedad al rock and roll<\/p>\n","protected":false},"excerpt":{"rendered":"<p>Lo que en 1973 pas\u00f3 desapercibido, hoy es una pieza de coleccionista esencial para entender que antes de la explosi\u00f3n del 77 ya hab\u00eda bandas inyectando adrenalina y suciedad al rock and roll<\/p>\n","protected":false},"featured_media":4647,"template":"","meta":[],"product_brand":[],"product_cat":[1374,689],"product_tag":[],"sello":[1392],"artista":[1391],"class_list":{"0":"post-4644","1":"product","2":"type-product","3":"status-publish","4":"has-post-thumbnail","6":"product_cat-monster","7":"product_cat-vinilos","8":"sello-radiation-reissues","9":"artista-hector","10":"fecha-312","11":"estilo-glam","13":"first","14":"outofstock","15":"taxable","16":"shipping-taxable","17":"purchasable","18":"product-type-simple"},"_links":{"self":[{"href":"https:\/\/egiarecords.com\/eu\/wp-json\/wp\/v2\/product\/4644","targetHints":{"allow":["GET"]}}],"collection":[{"href":"https:\/\/egiarecords.com\/eu\/wp-json\/wp\/v2\/product"}],"about":[{"href":"https:\/\/egiarecords.com\/eu\/wp-json\/wp\/v2\/types\/product"}],"wp:featuredmedia":[{"embeddable":true,"href":"https:\/\/egiarecords.com\/eu\/wp-json\/wp\/v2\/media\/4647"}],"wp:attachment":[{"href":"https:\/\/egiarecords.com\/eu\/wp-json\/wp\/v2\/media?parent=4644"}],"wp:term":[{"taxonomy":"product_brand","embeddable":true,"href":"https:\/\/egiarecords.com\/eu\/wp-json\/wp\/v2\/product_brand?post=4644"},{"taxonomy":"product_cat","embeddable":true,"href":"https:\/\/egiarecords.com\/eu\/wp-json\/wp\/v2\/product_cat?post=4644"},{"taxonomy":"product_tag","embeddable":true,"href":"https:\/\/egiarecords.com\/eu\/wp-json\/wp\/v2\/product_tag?post=4644"},{"taxonomy":"sello","embeddable":true,"href":"https:\/\/egiarecords.com\/eu\/wp-json\/wp\/v2\/sello?post=4644"},{"taxonomy":"artista","embeddable":true,"href":"https:\/\/egiarecords.com\/eu\/wp-json\/wp\/v2\/artista?post=4644"}],"curies":[{"name":"wp","href":"https:\/\/api.w.org\/{rel}","templated":true}]}}