{"id":4550,"date":"2026-02-13T17:05:44","date_gmt":"2026-02-13T16:05:44","guid":{"rendered":"https:\/\/egiarecords.com\/?post_type=product&#038;p=4550"},"modified":"2026-02-16T11:50:33","modified_gmt":"2026-02-16T10:50:33","slug":"eskorbuto-maldito-pais-primera-epoca-1982-84","status":"publish","type":"product","link":"https:\/\/egiarecords.com\/eu\/denda\/eskorbuto-maldito-pais-primera-epoca-1982-84\/","title":{"rendered":"Eskorbuto &#8211; Maldito Pais (Primera \u00c9poca 1982-84)"},"content":{"rendered":"<p>Este \u00e1lbum es un documento hist\u00f3rico imprescindible que recoge las primeras grabaciones, maquetas y el esp\u00edritu m\u00e1s primitivo de una banda que estaba destinada a romper todos los moldes.<\/p>\n","protected":false},"excerpt":{"rendered":"<p>Este \u00e1lbum es un documento hist\u00f3rico imprescindible que recoge las primeras grabaciones, maquetas y el esp\u00edritu m\u00e1s primitivo de una banda que estaba destinada a romper todos los moldes.<\/p>\n","protected":false},"featured_media":4551,"template":"","meta":[],"product_brand":[],"product_cat":[1374,689],"product_tag":[],"sello":[1357],"artista":[1356],"class_list":{"0":"post-4550","1":"product","2":"type-product","3":"status-publish","4":"has-post-thumbnail","6":"product_cat-monster","7":"product_cat-vinilos","8":"sello-munster-records","9":"artista-eskorbuto","10":"fecha-310","11":"estilo-punk","13":"first","14":"instock","15":"taxable","16":"shipping-taxable","17":"purchasable","18":"product-type-simple"},"_links":{"self":[{"href":"https:\/\/egiarecords.com\/eu\/wp-json\/wp\/v2\/product\/4550","targetHints":{"allow":["GET"]}}],"collection":[{"href":"https:\/\/egiarecords.com\/eu\/wp-json\/wp\/v2\/product"}],"about":[{"href":"https:\/\/egiarecords.com\/eu\/wp-json\/wp\/v2\/types\/product"}],"wp:featuredmedia":[{"embeddable":true,"href":"https:\/\/egiarecords.com\/eu\/wp-json\/wp\/v2\/media\/4551"}],"wp:attachment":[{"href":"https:\/\/egiarecords.com\/eu\/wp-json\/wp\/v2\/media?parent=4550"}],"wp:term":[{"taxonomy":"product_brand","embeddable":true,"href":"https:\/\/egiarecords.com\/eu\/wp-json\/wp\/v2\/product_brand?post=4550"},{"taxonomy":"product_cat","embeddable":true,"href":"https:\/\/egiarecords.com\/eu\/wp-json\/wp\/v2\/product_cat?post=4550"},{"taxonomy":"product_tag","embeddable":true,"href":"https:\/\/egiarecords.com\/eu\/wp-json\/wp\/v2\/product_tag?post=4550"},{"taxonomy":"sello","embeddable":true,"href":"https:\/\/egiarecords.com\/eu\/wp-json\/wp\/v2\/sello?post=4550"},{"taxonomy":"artista","embeddable":true,"href":"https:\/\/egiarecords.com\/eu\/wp-json\/wp\/v2\/artista?post=4550"}],"curies":[{"name":"wp","href":"https:\/\/api.w.org\/{rel}","templated":true}]}}