{"id":4541,"date":"2026-02-13T12:49:27","date_gmt":"2026-02-13T11:49:27","guid":{"rendered":"https:\/\/egiarecords.com\/?post_type=product&#038;p=4541"},"modified":"2026-03-27T19:00:32","modified_gmt":"2026-03-27T18:00:32","slug":"eskorbuto-eskizofrenia","status":"publish","type":"product","link":"https:\/\/egiarecords.com\/eu\/denda\/eskorbuto-eskizofrenia\/","title":{"rendered":"Eskorbuto &#8211; Eskizofrenia"},"content":{"rendered":"<p>Con una producci\u00f3n ruidosa y directa, el \u00e1lbum es una bofetada de energ\u00eda punk pura, donde las guitarras afiladas y el ritmo fren\u00e9tico acompa\u00f1an a letras que son aut\u00e9nticos dardos contra el sistema.<\/p>\n","protected":false},"excerpt":{"rendered":"<p>Con una producci\u00f3n ruidosa y directa, el \u00e1lbum es una bofetada de energ\u00eda punk pura, donde las guitarras afiladas y el ritmo fren\u00e9tico acompa\u00f1an a letras que son aut\u00e9nticos dardos contra el sistema.<\/p>\n","protected":false},"featured_media":4544,"template":"","meta":[],"product_brand":[],"product_cat":[1374,689],"product_tag":[],"sello":[1357],"artista":[1356],"class_list":{"0":"post-4541","1":"product","2":"type-product","3":"status-publish","4":"has-post-thumbnail","6":"product_cat-monster","7":"product_cat-vinilos","8":"sello-munster-records","9":"artista-eskorbuto","10":"fecha-521","11":"estilo-punk","13":"first","14":"outofstock","15":"taxable","16":"shipping-taxable","17":"purchasable","18":"product-type-simple"},"_links":{"self":[{"href":"https:\/\/egiarecords.com\/eu\/wp-json\/wp\/v2\/product\/4541","targetHints":{"allow":["GET"]}}],"collection":[{"href":"https:\/\/egiarecords.com\/eu\/wp-json\/wp\/v2\/product"}],"about":[{"href":"https:\/\/egiarecords.com\/eu\/wp-json\/wp\/v2\/types\/product"}],"wp:featuredmedia":[{"embeddable":true,"href":"https:\/\/egiarecords.com\/eu\/wp-json\/wp\/v2\/media\/4544"}],"wp:attachment":[{"href":"https:\/\/egiarecords.com\/eu\/wp-json\/wp\/v2\/media?parent=4541"}],"wp:term":[{"taxonomy":"product_brand","embeddable":true,"href":"https:\/\/egiarecords.com\/eu\/wp-json\/wp\/v2\/product_brand?post=4541"},{"taxonomy":"product_cat","embeddable":true,"href":"https:\/\/egiarecords.com\/eu\/wp-json\/wp\/v2\/product_cat?post=4541"},{"taxonomy":"product_tag","embeddable":true,"href":"https:\/\/egiarecords.com\/eu\/wp-json\/wp\/v2\/product_tag?post=4541"},{"taxonomy":"sello","embeddable":true,"href":"https:\/\/egiarecords.com\/eu\/wp-json\/wp\/v2\/sello?post=4541"},{"taxonomy":"artista","embeddable":true,"href":"https:\/\/egiarecords.com\/eu\/wp-json\/wp\/v2\/artista?post=4541"}],"curies":[{"name":"wp","href":"https:\/\/api.w.org\/{rel}","templated":true}]}}