{"id":4537,"date":"2026-02-13T12:47:01","date_gmt":"2026-02-13T11:47:01","guid":{"rendered":"https:\/\/egiarecords.com\/?post_type=product&#038;p=4537"},"modified":"2026-04-25T20:03:29","modified_gmt":"2026-04-25T18:03:29","slug":"morphine-cure-for-pain","status":"publish","type":"product","link":"https:\/\/egiarecords.com\/eu\/denda\/morphine-cure-for-pain\/","title":{"rendered":"Morphine &#8211; Cure For Pain"},"content":{"rendered":"<p>Con su inusual formaci\u00f3n de bajo de dos cuerdas, saxof\u00f3n bar\u00edtono y bater\u00eda, Morphine cre\u00f3 un sonido &#8216;low rock&#8217; profundo y magn\u00e9tico que no se parec\u00eda a nada en la escena de los 90<\/p>\n","protected":false},"excerpt":{"rendered":"<p>Con su inusual formaci\u00f3n de bajo de dos cuerdas, saxof\u00f3n bar\u00edtono y bater\u00eda, Morphine cre\u00f3 un sonido &#8216;low rock&#8217; profundo y magn\u00e9tico que no se parec\u00eda a nada en la escena de los 90<\/p>\n","protected":false},"featured_media":4540,"template":"","meta":[],"product_brand":[],"product_cat":[689],"product_tag":[],"sello":[835,1355],"artista":[1354],"class_list":{"0":"post-4537","1":"product","2":"type-product","3":"status-publish","4":"has-post-thumbnail","6":"product_cat-vinilos","7":"sello-music-on-vinyl","8":"sello-rykodisc","9":"artista-morphine","10":"fecha-317","11":"estilo-alternative-rock","13":"first","14":"outofstock","15":"taxable","16":"shipping-taxable","17":"purchasable","18":"product-type-simple"},"_links":{"self":[{"href":"https:\/\/egiarecords.com\/eu\/wp-json\/wp\/v2\/product\/4537","targetHints":{"allow":["GET"]}}],"collection":[{"href":"https:\/\/egiarecords.com\/eu\/wp-json\/wp\/v2\/product"}],"about":[{"href":"https:\/\/egiarecords.com\/eu\/wp-json\/wp\/v2\/types\/product"}],"wp:featuredmedia":[{"embeddable":true,"href":"https:\/\/egiarecords.com\/eu\/wp-json\/wp\/v2\/media\/4540"}],"wp:attachment":[{"href":"https:\/\/egiarecords.com\/eu\/wp-json\/wp\/v2\/media?parent=4537"}],"wp:term":[{"taxonomy":"product_brand","embeddable":true,"href":"https:\/\/egiarecords.com\/eu\/wp-json\/wp\/v2\/product_brand?post=4537"},{"taxonomy":"product_cat","embeddable":true,"href":"https:\/\/egiarecords.com\/eu\/wp-json\/wp\/v2\/product_cat?post=4537"},{"taxonomy":"product_tag","embeddable":true,"href":"https:\/\/egiarecords.com\/eu\/wp-json\/wp\/v2\/product_tag?post=4537"},{"taxonomy":"sello","embeddable":true,"href":"https:\/\/egiarecords.com\/eu\/wp-json\/wp\/v2\/sello?post=4537"},{"taxonomy":"artista","embeddable":true,"href":"https:\/\/egiarecords.com\/eu\/wp-json\/wp\/v2\/artista?post=4537"}],"curies":[{"name":"wp","href":"https:\/\/api.w.org\/{rel}","templated":true}]}}