{"id":4464,"date":"2026-02-10T19:52:37","date_gmt":"2026-02-10T18:52:37","guid":{"rendered":"https:\/\/egiarecords.com\/?post_type=product&#038;p=4464"},"modified":"2026-02-10T19:52:51","modified_gmt":"2026-02-10T18:52:51","slug":"igaxx-echoes","status":"publish","type":"product","link":"https:\/\/egiarecords.com\/eu\/denda\/igaxx-echoes\/","title":{"rendered":"Igaxx &#8211; Echoes"},"content":{"rendered":"<p>Es un \u00e1lbum que captura el esp\u00edritu del <i data-path-to-node=\"2,0,0\" data-index-in-node=\"59\">balearic<\/i> moderno, donde Igaxx teje una red de sonidos org\u00e1nicos y sint\u00e9ticos que evocan la luz y la brisa del Mediterr\u00e1neo<\/p>\n","protected":false},"excerpt":{"rendered":"<p>Es un \u00e1lbum que captura el esp\u00edritu del balearic moderno, donde Igaxx teje una red de sonidos org\u00e1nicos y sint\u00e9ticos que evocan la luz y la brisa del Mediterr\u00e1neo<\/p>\n","protected":false},"featured_media":4466,"template":"","meta":[],"product_brand":[],"product_cat":[1311,689],"product_tag":[],"sello":[1335],"artista":[1334],"class_list":{"0":"post-4464","1":"product","2":"type-product","3":"status-publish","4":"has-post-thumbnail","6":"product_cat-mothertongue","7":"product_cat-vinilos","8":"sello-angis-music","9":"artista-igaxx","10":"fecha-306","11":"estilo-deep-house","13":"first","14":"instock","15":"taxable","16":"shipping-taxable","17":"purchasable","18":"product-type-simple"},"_links":{"self":[{"href":"https:\/\/egiarecords.com\/eu\/wp-json\/wp\/v2\/product\/4464","targetHints":{"allow":["GET"]}}],"collection":[{"href":"https:\/\/egiarecords.com\/eu\/wp-json\/wp\/v2\/product"}],"about":[{"href":"https:\/\/egiarecords.com\/eu\/wp-json\/wp\/v2\/types\/product"}],"wp:featuredmedia":[{"embeddable":true,"href":"https:\/\/egiarecords.com\/eu\/wp-json\/wp\/v2\/media\/4466"}],"wp:attachment":[{"href":"https:\/\/egiarecords.com\/eu\/wp-json\/wp\/v2\/media?parent=4464"}],"wp:term":[{"taxonomy":"product_brand","embeddable":true,"href":"https:\/\/egiarecords.com\/eu\/wp-json\/wp\/v2\/product_brand?post=4464"},{"taxonomy":"product_cat","embeddable":true,"href":"https:\/\/egiarecords.com\/eu\/wp-json\/wp\/v2\/product_cat?post=4464"},{"taxonomy":"product_tag","embeddable":true,"href":"https:\/\/egiarecords.com\/eu\/wp-json\/wp\/v2\/product_tag?post=4464"},{"taxonomy":"sello","embeddable":true,"href":"https:\/\/egiarecords.com\/eu\/wp-json\/wp\/v2\/sello?post=4464"},{"taxonomy":"artista","embeddable":true,"href":"https:\/\/egiarecords.com\/eu\/wp-json\/wp\/v2\/artista?post=4464"}],"curies":[{"name":"wp","href":"https:\/\/api.w.org\/{rel}","templated":true}]}}