{"id":4433,"date":"2026-02-09T12:58:16","date_gmt":"2026-02-09T11:58:16","guid":{"rendered":"https:\/\/egiarecords.com\/?post_type=product&#038;p=4433"},"modified":"2026-02-09T20:11:13","modified_gmt":"2026-02-09T19:11:13","slug":"jungle-for-ever","status":"publish","type":"product","link":"https:\/\/egiarecords.com\/eu\/denda\/jungle-for-ever\/","title":{"rendered":"Jungle &#8211; For Ever"},"content":{"rendered":"<p>Jungle perfecciona aqu\u00ed su f\u00f3rmula de falsetes hipn\u00f3ticos y grooves de medio tiempo, creando una experiencia sonora envolvente que se siente como un abrazo de terciopelo.<\/p>\n","protected":false},"excerpt":{"rendered":"<p>Jungle perfecciona aqu\u00ed su f\u00f3rmula de falsetes hipn\u00f3ticos y grooves de medio tiempo, creando una experiencia sonora envolvente que se siente como un abrazo de terciopelo.<\/p>\n","protected":false},"featured_media":4435,"template":"","meta":[],"product_brand":[],"product_cat":[689],"product_tag":[],"sello":[66],"artista":[472],"class_list":{"0":"post-4433","1":"product","2":"type-product","3":"status-publish","4":"has-post-thumbnail","6":"product_cat-vinilos","7":"sello-xl-recordings","8":"artista-jungle","9":"fecha-528","10":"estilo-neo-soul","11":"estilo-nu-disco","13":"first","14":"onbackorder","15":"taxable","16":"shipping-taxable","17":"purchasable","18":"product-type-simple"},"_links":{"self":[{"href":"https:\/\/egiarecords.com\/eu\/wp-json\/wp\/v2\/product\/4433","targetHints":{"allow":["GET"]}}],"collection":[{"href":"https:\/\/egiarecords.com\/eu\/wp-json\/wp\/v2\/product"}],"about":[{"href":"https:\/\/egiarecords.com\/eu\/wp-json\/wp\/v2\/types\/product"}],"wp:featuredmedia":[{"embeddable":true,"href":"https:\/\/egiarecords.com\/eu\/wp-json\/wp\/v2\/media\/4435"}],"wp:attachment":[{"href":"https:\/\/egiarecords.com\/eu\/wp-json\/wp\/v2\/media?parent=4433"}],"wp:term":[{"taxonomy":"product_brand","embeddable":true,"href":"https:\/\/egiarecords.com\/eu\/wp-json\/wp\/v2\/product_brand?post=4433"},{"taxonomy":"product_cat","embeddable":true,"href":"https:\/\/egiarecords.com\/eu\/wp-json\/wp\/v2\/product_cat?post=4433"},{"taxonomy":"product_tag","embeddable":true,"href":"https:\/\/egiarecords.com\/eu\/wp-json\/wp\/v2\/product_tag?post=4433"},{"taxonomy":"sello","embeddable":true,"href":"https:\/\/egiarecords.com\/eu\/wp-json\/wp\/v2\/sello?post=4433"},{"taxonomy":"artista","embeddable":true,"href":"https:\/\/egiarecords.com\/eu\/wp-json\/wp\/v2\/artista?post=4433"}],"curies":[{"name":"wp","href":"https:\/\/api.w.org\/{rel}","templated":true}]}}