{"id":4418,"date":"2026-02-09T11:15:26","date_gmt":"2026-02-09T10:15:26","guid":{"rendered":"https:\/\/egiarecords.com\/?post_type=product&#038;p=4418"},"modified":"2026-02-27T17:26:06","modified_gmt":"2026-02-27T16:26:06","slug":"extremoduro-rock-transgresivo","status":"publish","type":"product","link":"https:\/\/egiarecords.com\/eu\/denda\/extremoduro-rock-transgresivo\/","title":{"rendered":"Extremoduro &#8211; Rock Transgresivo"},"content":{"rendered":"<p>Bajo la distorsi\u00f3n y la voz rasgada, el \u00e1lbum esconde joyas de la poes\u00eda de calle como &#8216;Extremaydura&#8217; o &#8216;Jesucristo Garc\u00eda&#8217;, himnos que definieron a toda una generaci\u00f3n por su honestidad brutal.<\/p>\n","protected":false},"excerpt":{"rendered":"<p>Bajo la distorsi\u00f3n y la voz rasgada, el \u00e1lbum esconde joyas de la poes\u00eda de calle como &#8216;Extremaydura&#8217; o &#8216;Jesucristo Garc\u00eda&#8217;, himnos que definieron a toda una generaci\u00f3n por su honestidad brutal.<\/p>\n","protected":false},"featured_media":4420,"template":"","meta":[],"product_brand":[],"product_cat":[689],"product_tag":[],"sello":[62],"artista":[431],"class_list":{"0":"post-4418","1":"product","2":"type-product","3":"status-publish","4":"has-post-thumbnail","6":"product_cat-vinilos","7":"sello-dro","8":"artista-extremoduro","9":"fecha-334","10":"estilo-classic-rock","12":"first","13":"instock","14":"taxable","15":"shipping-taxable","16":"purchasable","17":"product-type-simple"},"_links":{"self":[{"href":"https:\/\/egiarecords.com\/eu\/wp-json\/wp\/v2\/product\/4418","targetHints":{"allow":["GET"]}}],"collection":[{"href":"https:\/\/egiarecords.com\/eu\/wp-json\/wp\/v2\/product"}],"about":[{"href":"https:\/\/egiarecords.com\/eu\/wp-json\/wp\/v2\/types\/product"}],"wp:featuredmedia":[{"embeddable":true,"href":"https:\/\/egiarecords.com\/eu\/wp-json\/wp\/v2\/media\/4420"}],"wp:attachment":[{"href":"https:\/\/egiarecords.com\/eu\/wp-json\/wp\/v2\/media?parent=4418"}],"wp:term":[{"taxonomy":"product_brand","embeddable":true,"href":"https:\/\/egiarecords.com\/eu\/wp-json\/wp\/v2\/product_brand?post=4418"},{"taxonomy":"product_cat","embeddable":true,"href":"https:\/\/egiarecords.com\/eu\/wp-json\/wp\/v2\/product_cat?post=4418"},{"taxonomy":"product_tag","embeddable":true,"href":"https:\/\/egiarecords.com\/eu\/wp-json\/wp\/v2\/product_tag?post=4418"},{"taxonomy":"sello","embeddable":true,"href":"https:\/\/egiarecords.com\/eu\/wp-json\/wp\/v2\/sello?post=4418"},{"taxonomy":"artista","embeddable":true,"href":"https:\/\/egiarecords.com\/eu\/wp-json\/wp\/v2\/artista?post=4418"}],"curies":[{"name":"wp","href":"https:\/\/api.w.org\/{rel}","templated":true}]}}