{"id":4403,"date":"2026-02-09T10:59:48","date_gmt":"2026-02-09T09:59:48","guid":{"rendered":"https:\/\/egiarecords.com\/?post_type=product&#038;p=4403"},"modified":"2026-02-09T10:59:48","modified_gmt":"2026-02-09T09:59:48","slug":"baron-rojo-larga-vida-al-rock-and-roll","status":"publish","type":"product","link":"https:\/\/egiarecords.com\/eu\/denda\/baron-rojo-larga-vida-al-rock-and-roll\/","title":{"rendered":"Bar\u00f3n Rojo &#8211; Larga Vida Al Rock And Roll"},"content":{"rendered":"<p>Es el \u00e1lbum que puso a la aviaci\u00f3n del rock espa\u00f1ol en el mapa, con los hermanos De Castro y Sherpa facturando un sonido potente y directo que no ten\u00eda nada que envidiar a la NWOBHM brit\u00e1nica<\/p>\n","protected":false},"excerpt":{"rendered":"<p>Es el \u00e1lbum que puso a la aviaci\u00f3n del rock espa\u00f1ol en el mapa, con los hermanos De Castro y Sherpa facturando un sonido potente y directo que no ten\u00eda nada que envidiar a la NWOBHM brit\u00e1nica<\/p>\n","protected":false},"featured_media":4406,"template":"","meta":[],"product_brand":[],"product_cat":[689],"product_tag":[],"sello":[1327],"artista":[1326],"class_list":{"0":"post-4403","1":"product","2":"type-product","3":"status-publish","4":"has-post-thumbnail","6":"product_cat-vinilos","7":"sello-chapa-discos","8":"artista-baron-rojo","9":"estilo-heavy-metal","11":"first","12":"instock","13":"taxable","14":"shipping-taxable","15":"purchasable","16":"product-type-simple"},"_links":{"self":[{"href":"https:\/\/egiarecords.com\/eu\/wp-json\/wp\/v2\/product\/4403","targetHints":{"allow":["GET"]}}],"collection":[{"href":"https:\/\/egiarecords.com\/eu\/wp-json\/wp\/v2\/product"}],"about":[{"href":"https:\/\/egiarecords.com\/eu\/wp-json\/wp\/v2\/types\/product"}],"wp:featuredmedia":[{"embeddable":true,"href":"https:\/\/egiarecords.com\/eu\/wp-json\/wp\/v2\/media\/4406"}],"wp:attachment":[{"href":"https:\/\/egiarecords.com\/eu\/wp-json\/wp\/v2\/media?parent=4403"}],"wp:term":[{"taxonomy":"product_brand","embeddable":true,"href":"https:\/\/egiarecords.com\/eu\/wp-json\/wp\/v2\/product_brand?post=4403"},{"taxonomy":"product_cat","embeddable":true,"href":"https:\/\/egiarecords.com\/eu\/wp-json\/wp\/v2\/product_cat?post=4403"},{"taxonomy":"product_tag","embeddable":true,"href":"https:\/\/egiarecords.com\/eu\/wp-json\/wp\/v2\/product_tag?post=4403"},{"taxonomy":"sello","embeddable":true,"href":"https:\/\/egiarecords.com\/eu\/wp-json\/wp\/v2\/sello?post=4403"},{"taxonomy":"artista","embeddable":true,"href":"https:\/\/egiarecords.com\/eu\/wp-json\/wp\/v2\/artista?post=4403"}],"curies":[{"name":"wp","href":"https:\/\/api.w.org\/{rel}","templated":true}]}}