{"id":4239,"date":"2026-02-01T13:01:15","date_gmt":"2026-02-01T12:01:15","guid":{"rendered":"https:\/\/egiarecords.com\/?post_type=product&#038;p=4239"},"modified":"2026-03-24T17:35:49","modified_gmt":"2026-03-24T16:35:49","slug":"bonobo-dial-m-for-monkey","status":"publish","type":"product","link":"https:\/\/egiarecords.com\/eu\/denda\/bonobo-dial-m-for-monkey\/","title":{"rendered":"Bonobo &#8211; Dial &#8216;M&#8217; For Monkey"},"content":{"rendered":"<p>Arquitectura s\u00f3nica con alma. Bonobo teje una red de ritmos pausados y texturas anal\u00f3gicas que transforman lo cotidiano en algo cinematogr\u00e1fico, demostrando que la electr\u00f3nica tambi\u00e9n puede ser c\u00e1lida y humana<\/p>\n","protected":false},"excerpt":{"rendered":"<p>Arquitectura s\u00f3nica con alma. Bonobo teje una red de ritmos pausados y texturas anal\u00f3gicas que transforman lo cotidiano en algo cinematogr\u00e1fico, demostrando que la electr\u00f3nica tambi\u00e9n puede ser c\u00e1lida y humana<\/p>\n","protected":false},"featured_media":4241,"template":"","meta":[],"product_brand":[],"product_cat":[689],"product_tag":[],"sello":[38],"artista":[888],"class_list":{"0":"post-4239","1":"product","2":"type-product","3":"status-publish","4":"has-post-thumbnail","6":"product_cat-vinilos","7":"sello-ninja-tune","8":"artista-bonobo","9":"fecha-306","10":"estilo-downtempo","11":"estilo-trip-hop","13":"first","14":"instock","15":"sale","16":"taxable","17":"shipping-taxable","18":"purchasable","19":"product-type-simple"},"_links":{"self":[{"href":"https:\/\/egiarecords.com\/eu\/wp-json\/wp\/v2\/product\/4239","targetHints":{"allow":["GET"]}}],"collection":[{"href":"https:\/\/egiarecords.com\/eu\/wp-json\/wp\/v2\/product"}],"about":[{"href":"https:\/\/egiarecords.com\/eu\/wp-json\/wp\/v2\/types\/product"}],"wp:featuredmedia":[{"embeddable":true,"href":"https:\/\/egiarecords.com\/eu\/wp-json\/wp\/v2\/media\/4241"}],"wp:attachment":[{"href":"https:\/\/egiarecords.com\/eu\/wp-json\/wp\/v2\/media?parent=4239"}],"wp:term":[{"taxonomy":"product_brand","embeddable":true,"href":"https:\/\/egiarecords.com\/eu\/wp-json\/wp\/v2\/product_brand?post=4239"},{"taxonomy":"product_cat","embeddable":true,"href":"https:\/\/egiarecords.com\/eu\/wp-json\/wp\/v2\/product_cat?post=4239"},{"taxonomy":"product_tag","embeddable":true,"href":"https:\/\/egiarecords.com\/eu\/wp-json\/wp\/v2\/product_tag?post=4239"},{"taxonomy":"sello","embeddable":true,"href":"https:\/\/egiarecords.com\/eu\/wp-json\/wp\/v2\/sello?post=4239"},{"taxonomy":"artista","embeddable":true,"href":"https:\/\/egiarecords.com\/eu\/wp-json\/wp\/v2\/artista?post=4239"}],"curies":[{"name":"wp","href":"https:\/\/api.w.org\/{rel}","templated":true}]}}