{"id":4178,"date":"2026-01-29T17:57:54","date_gmt":"2026-01-29T16:57:54","guid":{"rendered":"https:\/\/egiarecords.com\/?post_type=product&#038;p=4178"},"modified":"2026-01-29T17:58:18","modified_gmt":"2026-01-29T16:58:18","slug":"ex-generation-the-mumbai-exchange","status":"publish","type":"product","link":"https:\/\/egiarecords.com\/eu\/denda\/ex-generation-the-mumbai-exchange\/","title":{"rendered":"Ex Generation &#8211; The Mumbai Exchange"},"content":{"rendered":"<p>El nuevo lenguaje de la fusi\u00f3n. Una joya de ritmos ex\u00f3ticos y producci\u00f3n contempor\u00e1nea que redefine el concepto de &#8216;world music&#8217; a trav\u00e9s de un prisma psicod\u00e9lico y urbano.<\/p>\n","protected":false},"excerpt":{"rendered":"<p>El nuevo lenguaje de la fusi\u00f3n. Una joya de ritmos ex\u00f3ticos y producci\u00f3n contempor\u00e1nea que redefine el concepto de &#8216;world music&#8217; a trav\u00e9s de un prisma psicod\u00e9lico y urbano.<\/p>\n","protected":false},"featured_media":4182,"template":"","meta":[],"product_brand":[],"product_cat":[689],"product_tag":[],"sello":[1288],"artista":[1287],"class_list":{"0":"post-4178","1":"product","2":"type-product","3":"status-publish","4":"has-post-thumbnail","6":"product_cat-vinilos","7":"sello-energy-exchange-records","8":"artista-ex-generation","9":"fecha-305","10":"estilo-boogie","11":"estilo-disco","12":"estilo-funk","14":"first","15":"instock","16":"taxable","17":"shipping-taxable","18":"purchasable","19":"product-type-simple"},"_links":{"self":[{"href":"https:\/\/egiarecords.com\/eu\/wp-json\/wp\/v2\/product\/4178","targetHints":{"allow":["GET"]}}],"collection":[{"href":"https:\/\/egiarecords.com\/eu\/wp-json\/wp\/v2\/product"}],"about":[{"href":"https:\/\/egiarecords.com\/eu\/wp-json\/wp\/v2\/types\/product"}],"wp:featuredmedia":[{"embeddable":true,"href":"https:\/\/egiarecords.com\/eu\/wp-json\/wp\/v2\/media\/4182"}],"wp:attachment":[{"href":"https:\/\/egiarecords.com\/eu\/wp-json\/wp\/v2\/media?parent=4178"}],"wp:term":[{"taxonomy":"product_brand","embeddable":true,"href":"https:\/\/egiarecords.com\/eu\/wp-json\/wp\/v2\/product_brand?post=4178"},{"taxonomy":"product_cat","embeddable":true,"href":"https:\/\/egiarecords.com\/eu\/wp-json\/wp\/v2\/product_cat?post=4178"},{"taxonomy":"product_tag","embeddable":true,"href":"https:\/\/egiarecords.com\/eu\/wp-json\/wp\/v2\/product_tag?post=4178"},{"taxonomy":"sello","embeddable":true,"href":"https:\/\/egiarecords.com\/eu\/wp-json\/wp\/v2\/sello?post=4178"},{"taxonomy":"artista","embeddable":true,"href":"https:\/\/egiarecords.com\/eu\/wp-json\/wp\/v2\/artista?post=4178"}],"curies":[{"name":"wp","href":"https:\/\/api.w.org\/{rel}","templated":true}]}}