{"id":4103,"date":"2026-01-28T12:35:23","date_gmt":"2026-01-28T11:35:23","guid":{"rendered":"https:\/\/egiarecords.com\/?post_type=product&#038;p=4103"},"modified":"2026-01-28T12:35:59","modified_gmt":"2026-01-28T11:35:59","slug":"pure-garage-25th-anniversary-special-edition-part-2","status":"publish","type":"product","link":"https:\/\/egiarecords.com\/eu\/denda\/pure-garage-25th-anniversary-special-edition-part-2\/","title":{"rendered":"Pure Garage (25th Anniversary Special Edition) (Part 2)"},"content":{"rendered":"<p>El sonido que conquist\u00f3 Londres y el mundo. Una colecci\u00f3n imprescindible de ritmos <i data-path-to-node=\"2,1,0\" data-index-in-node=\"101\">2-step<\/i>, bajos profundos y esas voces <i data-path-to-node=\"2,1,0\" data-index-in-node=\"138\">soulful<\/i> que definen la cultura de club brit\u00e1nica<\/p>\n","protected":false},"excerpt":{"rendered":"<p>El sonido que conquist\u00f3 Londres y el mundo. Una colecci\u00f3n imprescindible de ritmos 2-step, bajos profundos y esas voces soulful que definen la cultura de club brit\u00e1nica<\/p>\n","protected":false},"featured_media":4104,"template":"","meta":[],"product_brand":[],"product_cat":[689],"product_tag":[],"sello":[],"artista":[],"class_list":{"0":"post-4103","1":"product","2":"type-product","3":"status-publish","4":"has-post-thumbnail","6":"product_cat-vinilos","7":"fecha-305","8":"estilo-speed-garage","9":"estilo-uk-garage","11":"first","12":"instock","13":"taxable","14":"shipping-taxable","15":"purchasable","16":"product-type-simple"},"_links":{"self":[{"href":"https:\/\/egiarecords.com\/eu\/wp-json\/wp\/v2\/product\/4103","targetHints":{"allow":["GET"]}}],"collection":[{"href":"https:\/\/egiarecords.com\/eu\/wp-json\/wp\/v2\/product"}],"about":[{"href":"https:\/\/egiarecords.com\/eu\/wp-json\/wp\/v2\/types\/product"}],"wp:featuredmedia":[{"embeddable":true,"href":"https:\/\/egiarecords.com\/eu\/wp-json\/wp\/v2\/media\/4104"}],"wp:attachment":[{"href":"https:\/\/egiarecords.com\/eu\/wp-json\/wp\/v2\/media?parent=4103"}],"wp:term":[{"taxonomy":"product_brand","embeddable":true,"href":"https:\/\/egiarecords.com\/eu\/wp-json\/wp\/v2\/product_brand?post=4103"},{"taxonomy":"product_cat","embeddable":true,"href":"https:\/\/egiarecords.com\/eu\/wp-json\/wp\/v2\/product_cat?post=4103"},{"taxonomy":"product_tag","embeddable":true,"href":"https:\/\/egiarecords.com\/eu\/wp-json\/wp\/v2\/product_tag?post=4103"},{"taxonomy":"sello","embeddable":true,"href":"https:\/\/egiarecords.com\/eu\/wp-json\/wp\/v2\/sello?post=4103"},{"taxonomy":"artista","embeddable":true,"href":"https:\/\/egiarecords.com\/eu\/wp-json\/wp\/v2\/artista?post=4103"}],"curies":[{"name":"wp","href":"https:\/\/api.w.org\/{rel}","templated":true}]}}