{"id":4090,"date":"2026-01-28T12:16:43","date_gmt":"2026-01-28T11:16:43","guid":{"rendered":"https:\/\/egiarecords.com\/?post_type=product&#038;p=4090"},"modified":"2026-02-04T18:25:28","modified_gmt":"2026-02-04T17:25:28","slug":"gregor-tresher-flashback","status":"publish","type":"product","link":"https:\/\/egiarecords.com\/eu\/denda\/gregor-tresher-flashback\/","title":{"rendered":"Gregor Tresher &#8211; Flashback"},"content":{"rendered":"<p>Dise\u00f1o sonoro alem\u00e1n en su m\u00e1xima expresi\u00f3n. Tresher equilibra la frialdad mec\u00e1nica con ganchos mel\u00f3dicos que elevan el techno a una categor\u00eda casi cinematogr\u00e1fica<\/p>\n","protected":false},"excerpt":{"rendered":"<p>Dise\u00f1o sonoro alem\u00e1n en su m\u00e1xima expresi\u00f3n. Tresher equilibra la frialdad mec\u00e1nica con ganchos mel\u00f3dicos que elevan el techno a una categor\u00eda casi cinematogr\u00e1fica<\/p>\n","protected":false},"featured_media":4097,"template":"","meta":[],"product_brand":[],"product_cat":[689],"product_tag":[],"sello":[],"artista":[1271,1272],"class_list":{"0":"post-4090","1":"product","2":"type-product","3":"status-publish","4":"has-post-thumbnail","6":"product_cat-vinilos","7":"artista-gregor-tresher","8":"artista-sven-vath","9":"fecha-334","10":"estilo-techno","12":"first","13":"outofstock","14":"taxable","15":"shipping-taxable","16":"purchasable","17":"product-type-simple"},"_links":{"self":[{"href":"https:\/\/egiarecords.com\/eu\/wp-json\/wp\/v2\/product\/4090","targetHints":{"allow":["GET"]}}],"collection":[{"href":"https:\/\/egiarecords.com\/eu\/wp-json\/wp\/v2\/product"}],"about":[{"href":"https:\/\/egiarecords.com\/eu\/wp-json\/wp\/v2\/types\/product"}],"wp:featuredmedia":[{"embeddable":true,"href":"https:\/\/egiarecords.com\/eu\/wp-json\/wp\/v2\/media\/4097"}],"wp:attachment":[{"href":"https:\/\/egiarecords.com\/eu\/wp-json\/wp\/v2\/media?parent=4090"}],"wp:term":[{"taxonomy":"product_brand","embeddable":true,"href":"https:\/\/egiarecords.com\/eu\/wp-json\/wp\/v2\/product_brand?post=4090"},{"taxonomy":"product_cat","embeddable":true,"href":"https:\/\/egiarecords.com\/eu\/wp-json\/wp\/v2\/product_cat?post=4090"},{"taxonomy":"product_tag","embeddable":true,"href":"https:\/\/egiarecords.com\/eu\/wp-json\/wp\/v2\/product_tag?post=4090"},{"taxonomy":"sello","embeddable":true,"href":"https:\/\/egiarecords.com\/eu\/wp-json\/wp\/v2\/sello?post=4090"},{"taxonomy":"artista","embeddable":true,"href":"https:\/\/egiarecords.com\/eu\/wp-json\/wp\/v2\/artista?post=4090"}],"curies":[{"name":"wp","href":"https:\/\/api.w.org\/{rel}","templated":true}]}}