{"id":4081,"date":"2026-01-28T11:41:27","date_gmt":"2026-01-28T10:41:27","guid":{"rendered":"https:\/\/egiarecords.com\/?post_type=product&#038;p=4081"},"modified":"2026-03-21T11:57:55","modified_gmt":"2026-03-21T10:57:55","slug":"dj-mehdi-espion-le-ep","status":"publish","type":"product","link":"https:\/\/egiarecords.com\/eu\/denda\/dj-mehdi-espion-le-ep\/","title":{"rendered":"DJ Mehdi &#8211; Espion Le EP"},"content":{"rendered":"<p>Producci\u00f3n de seda y ritmos con alma. El manifiesto sonoro de un genio que supo inyectar el esp\u00edritu del rap en el coraz\u00f3n de la pista de baile parisina<\/p>\n","protected":false},"excerpt":{"rendered":"<p>Producci\u00f3n de seda y ritmos con alma. El manifiesto sonoro de un genio que supo inyectar el esp\u00edritu del rap en el coraz\u00f3n de la pista de baile parisina<\/p>\n","protected":false},"featured_media":4088,"template":"","meta":[],"product_brand":[],"product_cat":[689],"product_tag":[],"sello":[],"artista":[1270],"class_list":{"0":"post-4081","1":"product","2":"type-product","3":"status-publish","4":"has-post-thumbnail","6":"product_cat-vinilos","7":"artista-dj-mehdi","8":"fecha-305","9":"estilo-conscious","10":"estilo-downtempo","11":"estilo-hardcore-hip-hop","12":"estilo-instrumental","14":"first","15":"outofstock","16":"taxable","17":"shipping-taxable","18":"purchasable","19":"product-type-simple"},"_links":{"self":[{"href":"https:\/\/egiarecords.com\/eu\/wp-json\/wp\/v2\/product\/4081","targetHints":{"allow":["GET"]}}],"collection":[{"href":"https:\/\/egiarecords.com\/eu\/wp-json\/wp\/v2\/product"}],"about":[{"href":"https:\/\/egiarecords.com\/eu\/wp-json\/wp\/v2\/types\/product"}],"wp:featuredmedia":[{"embeddable":true,"href":"https:\/\/egiarecords.com\/eu\/wp-json\/wp\/v2\/media\/4088"}],"wp:attachment":[{"href":"https:\/\/egiarecords.com\/eu\/wp-json\/wp\/v2\/media?parent=4081"}],"wp:term":[{"taxonomy":"product_brand","embeddable":true,"href":"https:\/\/egiarecords.com\/eu\/wp-json\/wp\/v2\/product_brand?post=4081"},{"taxonomy":"product_cat","embeddable":true,"href":"https:\/\/egiarecords.com\/eu\/wp-json\/wp\/v2\/product_cat?post=4081"},{"taxonomy":"product_tag","embeddable":true,"href":"https:\/\/egiarecords.com\/eu\/wp-json\/wp\/v2\/product_tag?post=4081"},{"taxonomy":"sello","embeddable":true,"href":"https:\/\/egiarecords.com\/eu\/wp-json\/wp\/v2\/sello?post=4081"},{"taxonomy":"artista","embeddable":true,"href":"https:\/\/egiarecords.com\/eu\/wp-json\/wp\/v2\/artista?post=4081"}],"curies":[{"name":"wp","href":"https:\/\/api.w.org\/{rel}","templated":true}]}}