{"id":4058,"date":"2026-01-27T20:35:45","date_gmt":"2026-01-27T19:35:45","guid":{"rendered":"https:\/\/egiarecords.com\/?post_type=product&#038;p=4058"},"modified":"2026-03-08T11:55:28","modified_gmt":"2026-03-08T10:55:28","slug":"el-club-de-los-poetas-violentos-madrid-zona-bruta","status":"publish","type":"product","link":"https:\/\/egiarecords.com\/eu\/denda\/el-club-de-los-poetas-violentos-madrid-zona-bruta\/","title":{"rendered":"El Club De Los Poetas Violentos &#8211; Madrid Zona Bruta"},"content":{"rendered":"<p>Donde empez\u00f3 todo. El manifiesto definitivo del Madrid m\u00e1s underground y la prueba de que el rap en Espa\u00f1a ten\u00eda voz propia.<\/p>\n","protected":false},"excerpt":{"rendered":"<p>Donde empez\u00f3 todo. El manifiesto definitivo del Madrid m\u00e1s underground y la prueba de que el rap en Espa\u00f1a ten\u00eda voz propia.<\/p>\n","protected":false},"featured_media":4061,"template":"","meta":[],"product_brand":[],"product_cat":[689],"product_tag":[],"sello":[],"artista":[1266],"class_list":{"0":"post-4058","1":"product","2":"type-product","3":"status-publish","4":"has-post-thumbnail","6":"product_cat-vinilos","7":"artista-el-club-de-los-poetas-violentos","8":"fecha-317","9":"estilo-hardcore-hip-hop","11":"first","12":"instock","13":"taxable","14":"shipping-taxable","15":"purchasable","16":"product-type-simple"},"_links":{"self":[{"href":"https:\/\/egiarecords.com\/eu\/wp-json\/wp\/v2\/product\/4058","targetHints":{"allow":["GET"]}}],"collection":[{"href":"https:\/\/egiarecords.com\/eu\/wp-json\/wp\/v2\/product"}],"about":[{"href":"https:\/\/egiarecords.com\/eu\/wp-json\/wp\/v2\/types\/product"}],"wp:featuredmedia":[{"embeddable":true,"href":"https:\/\/egiarecords.com\/eu\/wp-json\/wp\/v2\/media\/4061"}],"wp:attachment":[{"href":"https:\/\/egiarecords.com\/eu\/wp-json\/wp\/v2\/media?parent=4058"}],"wp:term":[{"taxonomy":"product_brand","embeddable":true,"href":"https:\/\/egiarecords.com\/eu\/wp-json\/wp\/v2\/product_brand?post=4058"},{"taxonomy":"product_cat","embeddable":true,"href":"https:\/\/egiarecords.com\/eu\/wp-json\/wp\/v2\/product_cat?post=4058"},{"taxonomy":"product_tag","embeddable":true,"href":"https:\/\/egiarecords.com\/eu\/wp-json\/wp\/v2\/product_tag?post=4058"},{"taxonomy":"sello","embeddable":true,"href":"https:\/\/egiarecords.com\/eu\/wp-json\/wp\/v2\/sello?post=4058"},{"taxonomy":"artista","embeddable":true,"href":"https:\/\/egiarecords.com\/eu\/wp-json\/wp\/v2\/artista?post=4058"}],"curies":[{"name":"wp","href":"https:\/\/api.w.org\/{rel}","templated":true}]}}