{"id":4039,"date":"2026-01-27T19:31:41","date_gmt":"2026-01-27T18:31:41","guid":{"rendered":"https:\/\/egiarecords.com\/?post_type=product&#038;p=4039"},"modified":"2026-01-27T19:31:58","modified_gmt":"2026-01-27T18:31:58","slug":"john-prine-for-better-or-worse","status":"publish","type":"product","link":"https:\/\/egiarecords.com\/eu\/denda\/john-prine-for-better-or-worse\/","title":{"rendered":"John Prine &#8211; For Better, Or Worse"},"content":{"rendered":"<p>Tierno, aut\u00e9ntico y magistral. El testamento sonoro de un narrador \u00fanico que sab\u00eda que la vida, para bien o para mal, siempre es mejor con una canci\u00f3n.<\/p>\n","protected":false},"excerpt":{"rendered":"<p>Tierno, aut\u00e9ntico y magistral. El testamento sonoro de un narrador \u00fanico que sab\u00eda que la vida, para bien o para mal, siempre es mejor con una canci\u00f3n.<\/p>\n","protected":false},"featured_media":4043,"template":"","meta":[],"product_brand":[],"product_cat":[689],"product_tag":[],"sello":[],"artista":[1263],"class_list":{"0":"post-4039","1":"product","2":"type-product","3":"status-publish","4":"has-post-thumbnail","6":"product_cat-vinilos","7":"artista-john-prine","8":"fecha-368","9":"estilo-country","11":"first","12":"instock","13":"taxable","14":"shipping-taxable","15":"purchasable","16":"product-type-simple"},"_links":{"self":[{"href":"https:\/\/egiarecords.com\/eu\/wp-json\/wp\/v2\/product\/4039","targetHints":{"allow":["GET"]}}],"collection":[{"href":"https:\/\/egiarecords.com\/eu\/wp-json\/wp\/v2\/product"}],"about":[{"href":"https:\/\/egiarecords.com\/eu\/wp-json\/wp\/v2\/types\/product"}],"wp:featuredmedia":[{"embeddable":true,"href":"https:\/\/egiarecords.com\/eu\/wp-json\/wp\/v2\/media\/4043"}],"wp:attachment":[{"href":"https:\/\/egiarecords.com\/eu\/wp-json\/wp\/v2\/media?parent=4039"}],"wp:term":[{"taxonomy":"product_brand","embeddable":true,"href":"https:\/\/egiarecords.com\/eu\/wp-json\/wp\/v2\/product_brand?post=4039"},{"taxonomy":"product_cat","embeddable":true,"href":"https:\/\/egiarecords.com\/eu\/wp-json\/wp\/v2\/product_cat?post=4039"},{"taxonomy":"product_tag","embeddable":true,"href":"https:\/\/egiarecords.com\/eu\/wp-json\/wp\/v2\/product_tag?post=4039"},{"taxonomy":"sello","embeddable":true,"href":"https:\/\/egiarecords.com\/eu\/wp-json\/wp\/v2\/sello?post=4039"},{"taxonomy":"artista","embeddable":true,"href":"https:\/\/egiarecords.com\/eu\/wp-json\/wp\/v2\/artista?post=4039"}],"curies":[{"name":"wp","href":"https:\/\/api.w.org\/{rel}","templated":true}]}}