{"id":4030,"date":"2026-01-27T19:23:29","date_gmt":"2026-01-27T18:23:29","guid":{"rendered":"https:\/\/egiarecords.com\/?post_type=product&#038;p=4030"},"modified":"2026-01-27T19:23:41","modified_gmt":"2026-01-27T18:23:41","slug":"lou-reed-transformer","status":"publish","type":"product","link":"https:\/\/egiarecords.com\/eu\/denda\/lou-reed-transformer\/","title":{"rendered":"Lou Reed &#8211; Transformer"},"content":{"rendered":"<p>La metamorfosis del rock: el \u00e1lbum donde el susurro de la calle se encontr\u00f3 con el brillo del <i data-path-to-node=\"2,0,0\" data-index-in-node=\"114\">glam<\/i> para cambiar la historia de la m\u00fasica<\/p>\n","protected":false},"excerpt":{"rendered":"<p>La metamorfosis del rock: el \u00e1lbum donde el susurro de la calle se encontr\u00f3 con el brillo del glam para cambiar la historia de la m\u00fasica<\/p>\n","protected":false},"featured_media":4033,"template":"","meta":[],"product_brand":[],"product_cat":[689],"product_tag":[],"sello":[],"artista":[1261],"class_list":{"0":"post-4030","1":"product","2":"type-product","3":"status-publish","4":"has-post-thumbnail","6":"product_cat-vinilos","7":"artista-lou-reed","8":"fecha-368","9":"estilo-glam","10":"estilo-psychedelic-rock","12":"first","13":"instock","14":"taxable","15":"shipping-taxable","16":"purchasable","17":"product-type-simple"},"_links":{"self":[{"href":"https:\/\/egiarecords.com\/eu\/wp-json\/wp\/v2\/product\/4030","targetHints":{"allow":["GET"]}}],"collection":[{"href":"https:\/\/egiarecords.com\/eu\/wp-json\/wp\/v2\/product"}],"about":[{"href":"https:\/\/egiarecords.com\/eu\/wp-json\/wp\/v2\/types\/product"}],"wp:featuredmedia":[{"embeddable":true,"href":"https:\/\/egiarecords.com\/eu\/wp-json\/wp\/v2\/media\/4033"}],"wp:attachment":[{"href":"https:\/\/egiarecords.com\/eu\/wp-json\/wp\/v2\/media?parent=4030"}],"wp:term":[{"taxonomy":"product_brand","embeddable":true,"href":"https:\/\/egiarecords.com\/eu\/wp-json\/wp\/v2\/product_brand?post=4030"},{"taxonomy":"product_cat","embeddable":true,"href":"https:\/\/egiarecords.com\/eu\/wp-json\/wp\/v2\/product_cat?post=4030"},{"taxonomy":"product_tag","embeddable":true,"href":"https:\/\/egiarecords.com\/eu\/wp-json\/wp\/v2\/product_tag?post=4030"},{"taxonomy":"sello","embeddable":true,"href":"https:\/\/egiarecords.com\/eu\/wp-json\/wp\/v2\/sello?post=4030"},{"taxonomy":"artista","embeddable":true,"href":"https:\/\/egiarecords.com\/eu\/wp-json\/wp\/v2\/artista?post=4030"}],"curies":[{"name":"wp","href":"https:\/\/api.w.org\/{rel}","templated":true}]}}