{"id":4024,"date":"2026-01-27T19:10:59","date_gmt":"2026-01-27T18:10:59","guid":{"rendered":"https:\/\/egiarecords.com\/?post_type=product&#038;p=4024"},"modified":"2026-02-13T12:37:50","modified_gmt":"2026-02-13T11:37:50","slug":"queens-of-the-stone-age-era-vulgaris","status":"publish","type":"product","link":"https:\/\/egiarecords.com\/eu\/denda\/queens-of-the-stone-age-era-vulgaris\/","title":{"rendered":"Queens Of The Stone Age &#8211; Era Vulgaris"},"content":{"rendered":"<p>Rock de alto voltaje y texturas industriales: un viaje psicod\u00e9lico por el lado m\u00e1s oscuro, \u00e1spero y adictivo del desierto de California.<\/p>\n","protected":false},"excerpt":{"rendered":"<p>Rock de alto voltaje y texturas industriales: un viaje psicod\u00e9lico por el lado m\u00e1s oscuro, \u00e1spero y adictivo del desierto de California.<\/p>\n","protected":false},"featured_media":4028,"template":"","meta":[],"product_brand":[],"product_cat":[689],"product_tag":[],"sello":[],"artista":[1259],"class_list":{"0":"post-4024","1":"product","2":"type-product","3":"status-publish","4":"has-post-thumbnail","6":"product_cat-vinilos","7":"artista-queens-of-the-stone-age","8":"fecha-320","9":"estilo-alternative-rock","10":"estilo-indie-rock","11":"estilo-stoner-rock","13":"first","14":"instock","15":"taxable","16":"shipping-taxable","17":"purchasable","18":"product-type-simple"},"_links":{"self":[{"href":"https:\/\/egiarecords.com\/eu\/wp-json\/wp\/v2\/product\/4024","targetHints":{"allow":["GET"]}}],"collection":[{"href":"https:\/\/egiarecords.com\/eu\/wp-json\/wp\/v2\/product"}],"about":[{"href":"https:\/\/egiarecords.com\/eu\/wp-json\/wp\/v2\/types\/product"}],"wp:featuredmedia":[{"embeddable":true,"href":"https:\/\/egiarecords.com\/eu\/wp-json\/wp\/v2\/media\/4028"}],"wp:attachment":[{"href":"https:\/\/egiarecords.com\/eu\/wp-json\/wp\/v2\/media?parent=4024"}],"wp:term":[{"taxonomy":"product_brand","embeddable":true,"href":"https:\/\/egiarecords.com\/eu\/wp-json\/wp\/v2\/product_brand?post=4024"},{"taxonomy":"product_cat","embeddable":true,"href":"https:\/\/egiarecords.com\/eu\/wp-json\/wp\/v2\/product_cat?post=4024"},{"taxonomy":"product_tag","embeddable":true,"href":"https:\/\/egiarecords.com\/eu\/wp-json\/wp\/v2\/product_tag?post=4024"},{"taxonomy":"sello","embeddable":true,"href":"https:\/\/egiarecords.com\/eu\/wp-json\/wp\/v2\/sello?post=4024"},{"taxonomy":"artista","embeddable":true,"href":"https:\/\/egiarecords.com\/eu\/wp-json\/wp\/v2\/artista?post=4024"}],"curies":[{"name":"wp","href":"https:\/\/api.w.org\/{rel}","templated":true}]}}