{"id":4021,"date":"2026-01-27T19:04:14","date_gmt":"2026-01-27T18:04:14","guid":{"rendered":"https:\/\/egiarecords.com\/?post_type=product&#038;p=4021"},"modified":"2026-02-14T11:34:06","modified_gmt":"2026-02-14T10:34:06","slug":"black-eyed-peas-bridging-the-gap","status":"publish","type":"product","link":"https:\/\/egiarecords.com\/eu\/denda\/black-eyed-peas-bridging-the-gap\/","title":{"rendered":"Black Eyed Peas &#8211; Bridging The Gap"},"content":{"rendered":"<p>El eslab\u00f3n perdido entre el hip-hop consciente y el fen\u00f3meno global: un despliegue de funk, soul y rimas que conectan g\u00e9neros y generaciones.<\/p>\n","protected":false},"excerpt":{"rendered":"<p>El eslab\u00f3n perdido entre el hip-hop consciente y el fen\u00f3meno global: un despliegue de funk, soul y rimas que conectan g\u00e9neros y generaciones.<\/p>\n","protected":false},"featured_media":4023,"template":"","meta":[],"product_brand":[],"product_cat":[689],"product_tag":[],"sello":[],"artista":[1258],"class_list":{"0":"post-4021","1":"product","2":"type-product","3":"status-publish","4":"has-post-thumbnail","6":"product_cat-vinilos","7":"artista-black-eyed-peas","8":"fecha-305","9":"estilo-pop-rap","11":"first","12":"outofstock","13":"taxable","14":"shipping-taxable","15":"purchasable","16":"product-type-simple"},"_links":{"self":[{"href":"https:\/\/egiarecords.com\/eu\/wp-json\/wp\/v2\/product\/4021","targetHints":{"allow":["GET"]}}],"collection":[{"href":"https:\/\/egiarecords.com\/eu\/wp-json\/wp\/v2\/product"}],"about":[{"href":"https:\/\/egiarecords.com\/eu\/wp-json\/wp\/v2\/types\/product"}],"wp:featuredmedia":[{"embeddable":true,"href":"https:\/\/egiarecords.com\/eu\/wp-json\/wp\/v2\/media\/4023"}],"wp:attachment":[{"href":"https:\/\/egiarecords.com\/eu\/wp-json\/wp\/v2\/media?parent=4021"}],"wp:term":[{"taxonomy":"product_brand","embeddable":true,"href":"https:\/\/egiarecords.com\/eu\/wp-json\/wp\/v2\/product_brand?post=4021"},{"taxonomy":"product_cat","embeddable":true,"href":"https:\/\/egiarecords.com\/eu\/wp-json\/wp\/v2\/product_cat?post=4021"},{"taxonomy":"product_tag","embeddable":true,"href":"https:\/\/egiarecords.com\/eu\/wp-json\/wp\/v2\/product_tag?post=4021"},{"taxonomy":"sello","embeddable":true,"href":"https:\/\/egiarecords.com\/eu\/wp-json\/wp\/v2\/sello?post=4021"},{"taxonomy":"artista","embeddable":true,"href":"https:\/\/egiarecords.com\/eu\/wp-json\/wp\/v2\/artista?post=4021"}],"curies":[{"name":"wp","href":"https:\/\/api.w.org\/{rel}","templated":true}]}}