{"id":3868,"date":"2026-01-25T17:23:43","date_gmt":"2026-01-25T16:23:43","guid":{"rendered":"https:\/\/egiarecords.com\/?post_type=product&#038;p=3868"},"modified":"2026-02-20T18:35:41","modified_gmt":"2026-02-20T17:35:41","slug":"mano-negra-king-of-bongo-2","status":"publish","type":"product","link":"https:\/\/egiarecords.com\/eu\/denda\/mano-negra-king-of-bongo-2\/","title":{"rendered":"Mano Negra &#8211; King Of Bongo"},"content":{"rendered":"<p>Desde el asfalto de Par\u00eds hasta el coraz\u00f3n de la selva: una obra maestra del mestizaje sonoro que suena tan salvaje hoy como el primer d\u00eda.<\/p>\n","protected":false},"excerpt":{"rendered":"<p>Desde el asfalto de Par\u00eds hasta el coraz\u00f3n de la selva: una obra maestra del mestizaje sonoro que suena tan salvaje hoy como el primer d\u00eda.<\/p>\n","protected":false},"featured_media":3870,"template":"","meta":[],"product_brand":[],"product_cat":[689],"product_tag":[],"sello":[475],"artista":[1241],"class_list":{"0":"post-3868","1":"product","2":"type-product","3":"status-publish","4":"has-post-thumbnail","6":"product_cat-vinilos","7":"sello-because-music","8":"artista-mano-negra","9":"fecha-528","10":"estilo-alternative-rock","11":"estilo-folk-rock","13":"first","14":"instock","15":"taxable","16":"shipping-taxable","17":"purchasable","18":"product-type-simple"},"_links":{"self":[{"href":"https:\/\/egiarecords.com\/eu\/wp-json\/wp\/v2\/product\/3868","targetHints":{"allow":["GET"]}}],"collection":[{"href":"https:\/\/egiarecords.com\/eu\/wp-json\/wp\/v2\/product"}],"about":[{"href":"https:\/\/egiarecords.com\/eu\/wp-json\/wp\/v2\/types\/product"}],"wp:featuredmedia":[{"embeddable":true,"href":"https:\/\/egiarecords.com\/eu\/wp-json\/wp\/v2\/media\/3870"}],"wp:attachment":[{"href":"https:\/\/egiarecords.com\/eu\/wp-json\/wp\/v2\/media?parent=3868"}],"wp:term":[{"taxonomy":"product_brand","embeddable":true,"href":"https:\/\/egiarecords.com\/eu\/wp-json\/wp\/v2\/product_brand?post=3868"},{"taxonomy":"product_cat","embeddable":true,"href":"https:\/\/egiarecords.com\/eu\/wp-json\/wp\/v2\/product_cat?post=3868"},{"taxonomy":"product_tag","embeddable":true,"href":"https:\/\/egiarecords.com\/eu\/wp-json\/wp\/v2\/product_tag?post=3868"},{"taxonomy":"sello","embeddable":true,"href":"https:\/\/egiarecords.com\/eu\/wp-json\/wp\/v2\/sello?post=3868"},{"taxonomy":"artista","embeddable":true,"href":"https:\/\/egiarecords.com\/eu\/wp-json\/wp\/v2\/artista?post=3868"}],"curies":[{"name":"wp","href":"https:\/\/api.w.org\/{rel}","templated":true}]}}