{"id":3846,"date":"2026-01-25T16:58:53","date_gmt":"2026-01-25T15:58:53","guid":{"rendered":"https:\/\/egiarecords.com\/?post_type=product&#038;p=3846"},"modified":"2026-01-27T14:18:21","modified_gmt":"2026-01-27T13:18:21","slug":"hardspace-h007","status":"publish","type":"product","link":"https:\/\/egiarecords.com\/eu\/denda\/hardspace-h007\/","title":{"rendered":"Hardspace &#8211; H007"},"content":{"rendered":"<p>Techno en su estado m\u00e1s visceral: una descarga de texturas industriales y ritmos abrasivos que desaf\u00edan los l\u00edmites del club<\/p>\n","protected":false},"excerpt":{"rendered":"<p>Techno en su estado m\u00e1s visceral: una descarga de texturas industriales y ritmos abrasivos que desaf\u00edan los l\u00edmites del club<\/p>\n","protected":false},"featured_media":3850,"template":"","meta":[],"product_brand":[],"product_cat":[689],"product_tag":[],"sello":[1239],"artista":[1238],"class_list":{"0":"post-3846","1":"product","2":"type-product","3":"status-publish","4":"has-post-thumbnail","6":"product_cat-vinilos","7":"sello-hardspace","8":"artista-hardspace","9":"fecha-305","10":"estilo-techno","12":"first","13":"instock","14":"taxable","15":"shipping-taxable","16":"purchasable","17":"product-type-simple"},"_links":{"self":[{"href":"https:\/\/egiarecords.com\/eu\/wp-json\/wp\/v2\/product\/3846","targetHints":{"allow":["GET"]}}],"collection":[{"href":"https:\/\/egiarecords.com\/eu\/wp-json\/wp\/v2\/product"}],"about":[{"href":"https:\/\/egiarecords.com\/eu\/wp-json\/wp\/v2\/types\/product"}],"wp:featuredmedia":[{"embeddable":true,"href":"https:\/\/egiarecords.com\/eu\/wp-json\/wp\/v2\/media\/3850"}],"wp:attachment":[{"href":"https:\/\/egiarecords.com\/eu\/wp-json\/wp\/v2\/media?parent=3846"}],"wp:term":[{"taxonomy":"product_brand","embeddable":true,"href":"https:\/\/egiarecords.com\/eu\/wp-json\/wp\/v2\/product_brand?post=3846"},{"taxonomy":"product_cat","embeddable":true,"href":"https:\/\/egiarecords.com\/eu\/wp-json\/wp\/v2\/product_cat?post=3846"},{"taxonomy":"product_tag","embeddable":true,"href":"https:\/\/egiarecords.com\/eu\/wp-json\/wp\/v2\/product_tag?post=3846"},{"taxonomy":"sello","embeddable":true,"href":"https:\/\/egiarecords.com\/eu\/wp-json\/wp\/v2\/sello?post=3846"},{"taxonomy":"artista","embeddable":true,"href":"https:\/\/egiarecords.com\/eu\/wp-json\/wp\/v2\/artista?post=3846"}],"curies":[{"name":"wp","href":"https:\/\/api.w.org\/{rel}","templated":true}]}}