{"id":3776,"date":"2026-01-25T12:20:53","date_gmt":"2026-01-25T11:20:53","guid":{"rendered":"https:\/\/egiarecords.com\/?post_type=product&#038;p=3776"},"modified":"2026-03-25T16:54:18","modified_gmt":"2026-03-25T15:54:18","slug":"viagra-boys-viagr-aboys","status":"publish","type":"product","link":"https:\/\/egiarecords.com\/eu\/denda\/viagra-boys-viagr-aboys\/","title":{"rendered":"Viagra Boys &#8211; Viagr Aboys"},"content":{"rendered":"<p>El \u00e1lbum es un viaje por el lado m\u00e1s salvaje de Estocolmo, donde el garage rock se ensucia con sintetizadores industriales para crear un sonido hipn\u00f3tico y adictivo.&#8221;<\/p>\n","protected":false},"excerpt":{"rendered":"<p>El \u00e1lbum es un viaje por el lado m\u00e1s salvaje de Estocolmo, donde el garage rock se ensucia con sintetizadores industriales para crear un sonido hipn\u00f3tico y adictivo.&#8221;<\/p>\n","protected":false},"featured_media":3779,"template":"","meta":[],"product_brand":[],"product_cat":[689],"product_tag":[],"sello":[1221],"artista":[1219],"class_list":{"0":"post-3776","1":"product","2":"type-product","3":"status-publish","4":"has-post-thumbnail","6":"product_cat-vinilos","7":"sello-shrimptech-enterprises","8":"artista-viagra-boys","9":"fecha-305","10":"estilo-post-punk","11":"estilo-punk","13":"first","14":"instock","15":"taxable","16":"shipping-taxable","17":"purchasable","18":"product-type-simple"},"_links":{"self":[{"href":"https:\/\/egiarecords.com\/eu\/wp-json\/wp\/v2\/product\/3776","targetHints":{"allow":["GET"]}}],"collection":[{"href":"https:\/\/egiarecords.com\/eu\/wp-json\/wp\/v2\/product"}],"about":[{"href":"https:\/\/egiarecords.com\/eu\/wp-json\/wp\/v2\/types\/product"}],"wp:featuredmedia":[{"embeddable":true,"href":"https:\/\/egiarecords.com\/eu\/wp-json\/wp\/v2\/media\/3779"}],"wp:attachment":[{"href":"https:\/\/egiarecords.com\/eu\/wp-json\/wp\/v2\/media?parent=3776"}],"wp:term":[{"taxonomy":"product_brand","embeddable":true,"href":"https:\/\/egiarecords.com\/eu\/wp-json\/wp\/v2\/product_brand?post=3776"},{"taxonomy":"product_cat","embeddable":true,"href":"https:\/\/egiarecords.com\/eu\/wp-json\/wp\/v2\/product_cat?post=3776"},{"taxonomy":"product_tag","embeddable":true,"href":"https:\/\/egiarecords.com\/eu\/wp-json\/wp\/v2\/product_tag?post=3776"},{"taxonomy":"sello","embeddable":true,"href":"https:\/\/egiarecords.com\/eu\/wp-json\/wp\/v2\/sello?post=3776"},{"taxonomy":"artista","embeddable":true,"href":"https:\/\/egiarecords.com\/eu\/wp-json\/wp\/v2\/artista?post=3776"}],"curies":[{"name":"wp","href":"https:\/\/api.w.org\/{rel}","templated":true}]}}