{"id":3765,"date":"2026-01-25T12:19:43","date_gmt":"2026-01-25T11:19:43","guid":{"rendered":"https:\/\/egiarecords.com\/?post_type=product&#038;p=3765"},"modified":"2026-02-01T12:27:53","modified_gmt":"2026-02-01T11:27:53","slug":"verde-prato-bizitza-eztia","status":"publish","type":"product","link":"https:\/\/egiarecords.com\/eu\/denda\/verde-prato-bizitza-eztia\/","title":{"rendered":"Verde Prato &#8211; Bizitza Eztia"},"content":{"rendered":"<p>Minimalismo emocional y folk futurista. Un \u00e1lbum radiante y pausado que confirma a Ana Arsuaga como la voz m\u00e1s fascinante y aut\u00e9ntica de la nueva m\u00fasica independiente<\/p>\n","protected":false},"excerpt":{"rendered":"<p>Minimalismo emocional y folk futurista. Un \u00e1lbum radiante y pausado que confirma a Ana Arsuaga como la voz m\u00e1s fascinante y aut\u00e9ntica de la nueva m\u00fasica independiente<\/p>\n","protected":false},"featured_media":3769,"template":"","meta":[],"product_brand":[],"product_cat":[689],"product_tag":[],"sello":[1218],"artista":[1217],"class_list":{"0":"post-3765","1":"product","2":"type-product","3":"status-publish","4":"has-post-thumbnail","6":"product_cat-vinilos","7":"sello-planb-music","8":"artista-verde-prato","10":"first","11":"instock","12":"taxable","13":"shipping-taxable","14":"purchasable","15":"product-type-simple"},"_links":{"self":[{"href":"https:\/\/egiarecords.com\/eu\/wp-json\/wp\/v2\/product\/3765","targetHints":{"allow":["GET"]}}],"collection":[{"href":"https:\/\/egiarecords.com\/eu\/wp-json\/wp\/v2\/product"}],"about":[{"href":"https:\/\/egiarecords.com\/eu\/wp-json\/wp\/v2\/types\/product"}],"wp:featuredmedia":[{"embeddable":true,"href":"https:\/\/egiarecords.com\/eu\/wp-json\/wp\/v2\/media\/3769"}],"wp:attachment":[{"href":"https:\/\/egiarecords.com\/eu\/wp-json\/wp\/v2\/media?parent=3765"}],"wp:term":[{"taxonomy":"product_brand","embeddable":true,"href":"https:\/\/egiarecords.com\/eu\/wp-json\/wp\/v2\/product_brand?post=3765"},{"taxonomy":"product_cat","embeddable":true,"href":"https:\/\/egiarecords.com\/eu\/wp-json\/wp\/v2\/product_cat?post=3765"},{"taxonomy":"product_tag","embeddable":true,"href":"https:\/\/egiarecords.com\/eu\/wp-json\/wp\/v2\/product_tag?post=3765"},{"taxonomy":"sello","embeddable":true,"href":"https:\/\/egiarecords.com\/eu\/wp-json\/wp\/v2\/sello?post=3765"},{"taxonomy":"artista","embeddable":true,"href":"https:\/\/egiarecords.com\/eu\/wp-json\/wp\/v2\/artista?post=3765"}],"curies":[{"name":"wp","href":"https:\/\/api.w.org\/{rel}","templated":true}]}}