{"id":3742,"date":"2026-01-25T12:06:32","date_gmt":"2026-01-25T11:06:32","guid":{"rendered":"https:\/\/egiarecords.com\/?post_type=product&#038;p=3742"},"modified":"2026-04-22T20:22:41","modified_gmt":"2026-04-22T18:22:41","slug":"van-morrison-moondance","status":"publish","type":"product","link":"https:\/\/egiarecords.com\/eu\/denda\/van-morrison-moondance\/","title":{"rendered":"Van Morrison &#8211; Moondance"},"content":{"rendered":"<p>El disco destaca por su impecable secci\u00f3n de vientos y ritmos jazzeros que acompa\u00f1an la voz soul de Morrison, creando una atm\u00f3sfera nocturna y m\u00e1gica en temas como la hom\u00f3nima &#8216;Moondance&#8217; o &#8216;Into the Mystic&#8217;<\/p>\n","protected":false},"excerpt":{"rendered":"<p>El disco destaca por su impecable secci\u00f3n de vientos y ritmos jazzeros que acompa\u00f1an la voz soul de Morrison, creando una atm\u00f3sfera nocturna y m\u00e1gica en temas como la hom\u00f3nima &#8216;Moondance&#8217; o &#8216;Into the Mystic&#8217;<\/p>\n","protected":false},"featured_media":3746,"template":"","meta":[],"product_brand":[],"product_cat":[689],"product_tag":[],"sello":[1212,609],"artista":[1211],"class_list":{"0":"post-3742","1":"product","2":"type-product","3":"status-publish","4":"has-post-thumbnail","6":"product_cat-vinilos","7":"sello-warner-bros-seven-arts-records","8":"sello-warner-bros-records","9":"artista-van-morrison","10":"fecha-310","11":"estilo-classic-rock","12":"estilo-rhythm-blues","14":"first","15":"instock","16":"taxable","17":"shipping-taxable","18":"purchasable","19":"product-type-simple"},"_links":{"self":[{"href":"https:\/\/egiarecords.com\/eu\/wp-json\/wp\/v2\/product\/3742","targetHints":{"allow":["GET"]}}],"collection":[{"href":"https:\/\/egiarecords.com\/eu\/wp-json\/wp\/v2\/product"}],"about":[{"href":"https:\/\/egiarecords.com\/eu\/wp-json\/wp\/v2\/types\/product"}],"wp:featuredmedia":[{"embeddable":true,"href":"https:\/\/egiarecords.com\/eu\/wp-json\/wp\/v2\/media\/3746"}],"wp:attachment":[{"href":"https:\/\/egiarecords.com\/eu\/wp-json\/wp\/v2\/media?parent=3742"}],"wp:term":[{"taxonomy":"product_brand","embeddable":true,"href":"https:\/\/egiarecords.com\/eu\/wp-json\/wp\/v2\/product_brand?post=3742"},{"taxonomy":"product_cat","embeddable":true,"href":"https:\/\/egiarecords.com\/eu\/wp-json\/wp\/v2\/product_cat?post=3742"},{"taxonomy":"product_tag","embeddable":true,"href":"https:\/\/egiarecords.com\/eu\/wp-json\/wp\/v2\/product_tag?post=3742"},{"taxonomy":"sello","embeddable":true,"href":"https:\/\/egiarecords.com\/eu\/wp-json\/wp\/v2\/sello?post=3742"},{"taxonomy":"artista","embeddable":true,"href":"https:\/\/egiarecords.com\/eu\/wp-json\/wp\/v2\/artista?post=3742"}],"curies":[{"name":"wp","href":"https:\/\/api.w.org\/{rel}","templated":true}]}}