{"id":3676,"date":"2026-01-24T17:21:22","date_gmt":"2026-01-24T16:21:22","guid":{"rendered":"https:\/\/egiarecords.com\/?post_type=product&#038;p=3676"},"modified":"2026-02-05T13:26:57","modified_gmt":"2026-02-05T12:26:57","slug":"theo-parrish-theo-parrishs-lovely-edits-vol-1","status":"publish","type":"product","link":"https:\/\/egiarecords.com\/eu\/denda\/theo-parrish-theo-parrishs-lovely-edits-vol-1\/","title":{"rendered":"Theo Parrish &#8211; Theo Parrish\u2019s Lovely Edits Vol 1"},"content":{"rendered":"<p>Es una oda a la repetici\u00f3n hipn\u00f3tica, donde cl\u00e1sicos del funk y el soul se transforman en herramientas de baile crudas, org\u00e1nicas y profundamente espirituales<\/p>\n","protected":false},"excerpt":{"rendered":"<p>Es una oda a la repetici\u00f3n hipn\u00f3tica, donde cl\u00e1sicos del funk y el soul se transforman en herramientas de baile crudas, org\u00e1nicas y profundamente espirituales<\/p>\n","protected":false},"featured_media":3678,"template":"","meta":[],"product_brand":[],"product_cat":[1311,689],"product_tag":[],"sello":[1198,532],"artista":[927],"class_list":{"0":"post-3676","1":"product","2":"type-product","3":"status-publish","4":"has-post-thumbnail","6":"product_cat-mothertongue","7":"product_cat-vinilos","8":"sello-lovely-edits","9":"sello-mother-tongue-records","10":"artista-theo-parrish","11":"fecha-334","12":"estilo-disco","13":"estilo-funk","15":"first","16":"onbackorder","17":"taxable","18":"shipping-taxable","19":"purchasable","20":"product-type-simple"},"_links":{"self":[{"href":"https:\/\/egiarecords.com\/eu\/wp-json\/wp\/v2\/product\/3676","targetHints":{"allow":["GET"]}}],"collection":[{"href":"https:\/\/egiarecords.com\/eu\/wp-json\/wp\/v2\/product"}],"about":[{"href":"https:\/\/egiarecords.com\/eu\/wp-json\/wp\/v2\/types\/product"}],"wp:featuredmedia":[{"embeddable":true,"href":"https:\/\/egiarecords.com\/eu\/wp-json\/wp\/v2\/media\/3678"}],"wp:attachment":[{"href":"https:\/\/egiarecords.com\/eu\/wp-json\/wp\/v2\/media?parent=3676"}],"wp:term":[{"taxonomy":"product_brand","embeddable":true,"href":"https:\/\/egiarecords.com\/eu\/wp-json\/wp\/v2\/product_brand?post=3676"},{"taxonomy":"product_cat","embeddable":true,"href":"https:\/\/egiarecords.com\/eu\/wp-json\/wp\/v2\/product_cat?post=3676"},{"taxonomy":"product_tag","embeddable":true,"href":"https:\/\/egiarecords.com\/eu\/wp-json\/wp\/v2\/product_tag?post=3676"},{"taxonomy":"sello","embeddable":true,"href":"https:\/\/egiarecords.com\/eu\/wp-json\/wp\/v2\/sello?post=3676"},{"taxonomy":"artista","embeddable":true,"href":"https:\/\/egiarecords.com\/eu\/wp-json\/wp\/v2\/artista?post=3676"}],"curies":[{"name":"wp","href":"https:\/\/api.w.org\/{rel}","templated":true}]}}