{"id":3384,"date":"2026-01-23T12:43:13","date_gmt":"2026-01-23T11:43:13","guid":{"rendered":"https:\/\/egiarecords.com\/?post_type=product&#038;p=3384"},"modified":"2026-01-31T12:56:37","modified_gmt":"2026-01-31T11:56:37","slug":"public-enemy-it-takes-a-nation-of-millions-to-hold-us-back","status":"publish","type":"product","link":"https:\/\/egiarecords.com\/eu\/denda\/public-enemy-it-takes-a-nation-of-millions-to-hold-us-back\/","title":{"rendered":"Public Enemy &#8211; It Takes A Nation Of Millions To Hold Us Back"},"content":{"rendered":"<p>No es solo un disco, es un manifiesto pol\u00edtico incendiario que utiliz\u00f3 el rap como una herramienta de resistencia, despertando conciencias a base de verdades inc\u00f3modas y una urgencia electrizante.<\/p>\n","protected":false},"excerpt":{"rendered":"<p>No es solo un disco, es un manifiesto pol\u00edtico incendiario que utiliz\u00f3 el rap como una herramienta de resistencia, despertando conciencias a base de verdades inc\u00f3modas y una urgencia electrizante.<\/p>\n","protected":false},"featured_media":3387,"template":"","meta":[],"product_brand":[],"product_cat":[689],"product_tag":[],"sello":[1129],"artista":[1128],"class_list":{"0":"post-3384","1":"product","2":"type-product","3":"status-publish","4":"has-post-thumbnail","6":"product_cat-vinilos","7":"sello-def-jam-recordings","8":"artista-public-enemy","9":"fecha-1277","10":"estilo-conscious","12":"first","13":"instock","14":"taxable","15":"shipping-taxable","16":"purchasable","17":"product-type-simple"},"_links":{"self":[{"href":"https:\/\/egiarecords.com\/eu\/wp-json\/wp\/v2\/product\/3384","targetHints":{"allow":["GET"]}}],"collection":[{"href":"https:\/\/egiarecords.com\/eu\/wp-json\/wp\/v2\/product"}],"about":[{"href":"https:\/\/egiarecords.com\/eu\/wp-json\/wp\/v2\/types\/product"}],"wp:featuredmedia":[{"embeddable":true,"href":"https:\/\/egiarecords.com\/eu\/wp-json\/wp\/v2\/media\/3387"}],"wp:attachment":[{"href":"https:\/\/egiarecords.com\/eu\/wp-json\/wp\/v2\/media?parent=3384"}],"wp:term":[{"taxonomy":"product_brand","embeddable":true,"href":"https:\/\/egiarecords.com\/eu\/wp-json\/wp\/v2\/product_brand?post=3384"},{"taxonomy":"product_cat","embeddable":true,"href":"https:\/\/egiarecords.com\/eu\/wp-json\/wp\/v2\/product_cat?post=3384"},{"taxonomy":"product_tag","embeddable":true,"href":"https:\/\/egiarecords.com\/eu\/wp-json\/wp\/v2\/product_tag?post=3384"},{"taxonomy":"sello","embeddable":true,"href":"https:\/\/egiarecords.com\/eu\/wp-json\/wp\/v2\/sello?post=3384"},{"taxonomy":"artista","embeddable":true,"href":"https:\/\/egiarecords.com\/eu\/wp-json\/wp\/v2\/artista?post=3384"}],"curies":[{"name":"wp","href":"https:\/\/api.w.org\/{rel}","templated":true}]}}