{"id":3317,"date":"2026-01-23T12:20:47","date_gmt":"2026-01-23T11:20:47","guid":{"rendered":"https:\/\/egiarecords.com\/?post_type=product&#038;p=3317"},"modified":"2026-03-07T16:48:19","modified_gmt":"2026-03-07T15:48:19","slug":"outkast-stankonia","status":"publish","type":"product","link":"https:\/\/egiarecords.com\/eu\/denda\/outkast-stankonia\/","title":{"rendered":"OutKast &#8211; Stankonia"},"content":{"rendered":"<p data-path-to-node=\"2,0,0\">Es una explosi\u00f3n de funk futurista, rock y hip hop donde Andr\u00e9 3000 y Big Boi rompen con las estructuras tradicionales del rap para crear un universo sonoro fren\u00e9tico, cargado de guitarras el\u00e9ctricas y ritmos de alta velocidad.<\/p>\n","protected":false},"excerpt":{"rendered":"<p>Es una explosi\u00f3n de funk futurista, rock y hip hop donde Andr\u00e9 3000 y Big Boi rompen con las estructuras tradicionales del rap para crear un universo sonoro fren\u00e9tico, cargado de guitarras el\u00e9ctricas y ritmos de alta velocidad.<\/p>\n","protected":false},"featured_media":3321,"template":"","meta":[],"product_brand":[],"product_cat":[689],"product_tag":[],"sello":[27,1111],"artista":[1110],"class_list":{"0":"post-3317","1":"product","2":"type-product","3":"status-publish","4":"has-post-thumbnail","6":"product_cat-vinilos","7":"sello-arista","8":"sello-laface-records","9":"artista-outkast","10":"fecha-334","11":"estilo-conscious","12":"estilo-crunk","13":"estilo-gangsta","14":"estilo-p-funk","16":"first","17":"instock","18":"taxable","19":"shipping-taxable","20":"purchasable","21":"product-type-simple"},"_links":{"self":[{"href":"https:\/\/egiarecords.com\/eu\/wp-json\/wp\/v2\/product\/3317","targetHints":{"allow":["GET"]}}],"collection":[{"href":"https:\/\/egiarecords.com\/eu\/wp-json\/wp\/v2\/product"}],"about":[{"href":"https:\/\/egiarecords.com\/eu\/wp-json\/wp\/v2\/types\/product"}],"wp:featuredmedia":[{"embeddable":true,"href":"https:\/\/egiarecords.com\/eu\/wp-json\/wp\/v2\/media\/3321"}],"wp:attachment":[{"href":"https:\/\/egiarecords.com\/eu\/wp-json\/wp\/v2\/media?parent=3317"}],"wp:term":[{"taxonomy":"product_brand","embeddable":true,"href":"https:\/\/egiarecords.com\/eu\/wp-json\/wp\/v2\/product_brand?post=3317"},{"taxonomy":"product_cat","embeddable":true,"href":"https:\/\/egiarecords.com\/eu\/wp-json\/wp\/v2\/product_cat?post=3317"},{"taxonomy":"product_tag","embeddable":true,"href":"https:\/\/egiarecords.com\/eu\/wp-json\/wp\/v2\/product_tag?post=3317"},{"taxonomy":"sello","embeddable":true,"href":"https:\/\/egiarecords.com\/eu\/wp-json\/wp\/v2\/sello?post=3317"},{"taxonomy":"artista","embeddable":true,"href":"https:\/\/egiarecords.com\/eu\/wp-json\/wp\/v2\/artista?post=3317"}],"curies":[{"name":"wp","href":"https:\/\/api.w.org\/{rel}","templated":true}]}}