{"id":3252,"date":"2026-01-22T13:44:44","date_gmt":"2026-01-22T12:44:44","guid":{"rendered":"https:\/\/egiarecords.com\/?post_type=product&#038;p=3252"},"modified":"2026-04-11T14:40:38","modified_gmt":"2026-04-11T12:40:38","slug":"miles-davis-kind-of-blue","status":"publish","type":"product","link":"https:\/\/egiarecords.com\/eu\/denda\/miles-davis-kind-of-blue\/","title":{"rendered":"Miles Davis &#8211; Kind Of Blue"},"content":{"rendered":"<p>M\u00e1s que un disco de jazz, es una piedra angular de la cultura musical del siglo XX; su influencia se extiende desde la m\u00fasica cl\u00e1sica hasta el rock y el hip-hop, siendo la puerta de entrada perfecta para cualquiera que quiera descubrir el g\u00e9nero.<\/p>\n","protected":false},"excerpt":{"rendered":"<p>M\u00e1s que un disco de jazz, es una piedra angular de la cultura musical del siglo XX; su influencia se extiende desde la m\u00fasica cl\u00e1sica hasta el rock y el hip-hop, siendo la puerta de entrada perfecta para cualquiera que quiera descubrir el g\u00e9nero.<\/p>\n","protected":false},"featured_media":3255,"template":"","meta":[],"product_brand":[],"product_cat":[689],"product_tag":[],"sello":[74,1004,1712],"artista":[1015],"class_list":{"0":"post-3252","1":"product","2":"type-product","3":"status-publish","4":"has-post-thumbnail","6":"product_cat-vinilos","7":"sello-columbia","8":"sello-deagostini","9":"sello-dol","10":"artista-miles-davis","11":"fecha-459","12":"estilo-modal","14":"first","15":"instock","16":"taxable","17":"shipping-taxable","18":"purchasable","19":"product-type-simple"},"_links":{"self":[{"href":"https:\/\/egiarecords.com\/eu\/wp-json\/wp\/v2\/product\/3252","targetHints":{"allow":["GET"]}}],"collection":[{"href":"https:\/\/egiarecords.com\/eu\/wp-json\/wp\/v2\/product"}],"about":[{"href":"https:\/\/egiarecords.com\/eu\/wp-json\/wp\/v2\/types\/product"}],"wp:featuredmedia":[{"embeddable":true,"href":"https:\/\/egiarecords.com\/eu\/wp-json\/wp\/v2\/media\/3255"}],"wp:attachment":[{"href":"https:\/\/egiarecords.com\/eu\/wp-json\/wp\/v2\/media?parent=3252"}],"wp:term":[{"taxonomy":"product_brand","embeddable":true,"href":"https:\/\/egiarecords.com\/eu\/wp-json\/wp\/v2\/product_brand?post=3252"},{"taxonomy":"product_cat","embeddable":true,"href":"https:\/\/egiarecords.com\/eu\/wp-json\/wp\/v2\/product_cat?post=3252"},{"taxonomy":"product_tag","embeddable":true,"href":"https:\/\/egiarecords.com\/eu\/wp-json\/wp\/v2\/product_tag?post=3252"},{"taxonomy":"sello","embeddable":true,"href":"https:\/\/egiarecords.com\/eu\/wp-json\/wp\/v2\/sello?post=3252"},{"taxonomy":"artista","embeddable":true,"href":"https:\/\/egiarecords.com\/eu\/wp-json\/wp\/v2\/artista?post=3252"}],"curies":[{"name":"wp","href":"https:\/\/api.w.org\/{rel}","templated":true}]}}