{"id":3179,"date":"2026-01-22T13:25:04","date_gmt":"2026-01-22T12:25:04","guid":{"rendered":"https:\/\/egiarecords.com\/?post_type=product&#038;p=3179"},"modified":"2026-03-17T08:14:26","modified_gmt":"2026-03-17T07:14:26","slug":"mf-doom-madvillainy","status":"publish","type":"product","link":"https:\/\/egiarecords.com\/eu\/denda\/mf-doom-madvillainy\/","title":{"rendered":"Madvillain &#8211; Madvillainy"},"content":{"rendered":"<p style=\"text-align: center;\" data-path-to-node=\"2,0,0\">Es el encuentro astral entre el productor m\u00e1s libre de la escena, Madlib, y el villano enmascarado del rap, MF DOOM; una simbiosis perfecta donde el caos de los samples y la t\u00e9cnica l\u00edrica m\u00e1s intrincada se dan la mano.<\/p>\n<p data-path-to-node=\"2,1,0\">A trav\u00e9s de pistas cortas y directas, sin estribillos y llenas de referencias a c\u00f3mics y cine antiguo, el \u00e1lbum crea un laberinto sonoro lleno de polvo de vinilo, jazz abstracto y rimas impredecibles.<\/p>\n<p data-path-to-node=\"2,2,0\">Considerado una obra maestra absoluta, <i data-path-to-node=\"2,2,0\" data-index-in-node=\"58\">Madvillainy<\/i> redefini\u00f3 las reglas del g\u00e9nero, demostrando que la experimentaci\u00f3n m\u00e1s cruda pod\u00eda alcanzar un estatus de culto universal y atemporal.<\/p>\n","protected":false},"excerpt":{"rendered":"<p>Es el encuentro astral entre el productor m\u00e1s libre de la escena, Madlib, y el villano enmascarado del rap, MF DOOM; una simbiosis perfecta donde el caos de los samples y la t\u00e9cnica l\u00edrica m\u00e1s intrincada se dan la mano. A trav\u00e9s de pistas cortas y directas, sin estribillos y llenas de referencias a c\u00f3mics [&hellip;]<\/p>\n","protected":false},"featured_media":3182,"template":"","meta":[],"product_brand":[],"product_cat":[689],"product_tag":[],"sello":[1076,983],"artista":[1075],"class_list":{"0":"post-3179","1":"product","2":"type-product","3":"status-publish","4":"has-post-thumbnail","6":"product_cat-vinilos","7":"sello-fat-beats","8":"sello-stones-throw-records","9":"artista-madvillain","10":"fecha-312","11":"estilo-abstract","12":"estilo-experimental","13":"estilo-jazzy-hip-hop","14":"estilo-leftfield","16":"first","17":"instock","18":"featured","19":"taxable","20":"shipping-taxable","21":"purchasable","22":"product-type-simple"},"_links":{"self":[{"href":"https:\/\/egiarecords.com\/eu\/wp-json\/wp\/v2\/product\/3179","targetHints":{"allow":["GET"]}}],"collection":[{"href":"https:\/\/egiarecords.com\/eu\/wp-json\/wp\/v2\/product"}],"about":[{"href":"https:\/\/egiarecords.com\/eu\/wp-json\/wp\/v2\/types\/product"}],"wp:featuredmedia":[{"embeddable":true,"href":"https:\/\/egiarecords.com\/eu\/wp-json\/wp\/v2\/media\/3182"}],"wp:attachment":[{"href":"https:\/\/egiarecords.com\/eu\/wp-json\/wp\/v2\/media?parent=3179"}],"wp:term":[{"taxonomy":"product_brand","embeddable":true,"href":"https:\/\/egiarecords.com\/eu\/wp-json\/wp\/v2\/product_brand?post=3179"},{"taxonomy":"product_cat","embeddable":true,"href":"https:\/\/egiarecords.com\/eu\/wp-json\/wp\/v2\/product_cat?post=3179"},{"taxonomy":"product_tag","embeddable":true,"href":"https:\/\/egiarecords.com\/eu\/wp-json\/wp\/v2\/product_tag?post=3179"},{"taxonomy":"sello","embeddable":true,"href":"https:\/\/egiarecords.com\/eu\/wp-json\/wp\/v2\/sello?post=3179"},{"taxonomy":"artista","embeddable":true,"href":"https:\/\/egiarecords.com\/eu\/wp-json\/wp\/v2\/artista?post=3179"}],"curies":[{"name":"wp","href":"https:\/\/api.w.org\/{rel}","templated":true}]}}