{"id":3104,"date":"2026-01-21T20:07:45","date_gmt":"2026-01-21T19:07:45","guid":{"rendered":"https:\/\/egiarecords.com\/?post_type=product&#038;p=3104"},"modified":"2026-04-23T16:42:39","modified_gmt":"2026-04-23T14:42:39","slug":"little-simz-no-thank-you","status":"publish","type":"product","link":"https:\/\/egiarecords.com\/eu\/denda\/little-simz-no-thank-you\/","title":{"rendered":"Little Simz &#8211; No Thank You"},"content":{"rendered":"<p>Nuevamente de la mano de Inflo, el disco apuesta por un sonido m\u00e1s despojado y org\u00e1nico que su predecesor, apoy\u00e1ndose en samples de soul, coros gospel y un bajo profundo que deja todo el protagonismo a sus letras<\/p>\n","protected":false},"excerpt":{"rendered":"<p>Nuevamente de la mano de Inflo, el disco apuesta por un sonido m\u00e1s despojado y org\u00e1nico que su predecesor, apoy\u00e1ndose en samples de soul, coros gospel y un bajo profundo que deja todo el protagonismo a sus letras<\/p>\n","protected":false},"featured_media":3106,"template":"","meta":[],"product_brand":[],"product_cat":[689],"product_tag":[],"sello":[909],"artista":[1054],"class_list":{"0":"post-3104","1":"product","2":"type-product","3":"status-publish","4":"has-post-thumbnail","6":"product_cat-vinilos","7":"sello-forever-living-originals","8":"artista-little-simz","9":"fecha-306","10":"estilo-conscious","11":"estilo-jazzy-hip-hop","13":"first","14":"instock","15":"taxable","16":"shipping-taxable","17":"purchasable","18":"product-type-simple"},"_links":{"self":[{"href":"https:\/\/egiarecords.com\/eu\/wp-json\/wp\/v2\/product\/3104","targetHints":{"allow":["GET"]}}],"collection":[{"href":"https:\/\/egiarecords.com\/eu\/wp-json\/wp\/v2\/product"}],"about":[{"href":"https:\/\/egiarecords.com\/eu\/wp-json\/wp\/v2\/types\/product"}],"wp:featuredmedia":[{"embeddable":true,"href":"https:\/\/egiarecords.com\/eu\/wp-json\/wp\/v2\/media\/3106"}],"wp:attachment":[{"href":"https:\/\/egiarecords.com\/eu\/wp-json\/wp\/v2\/media?parent=3104"}],"wp:term":[{"taxonomy":"product_brand","embeddable":true,"href":"https:\/\/egiarecords.com\/eu\/wp-json\/wp\/v2\/product_brand?post=3104"},{"taxonomy":"product_cat","embeddable":true,"href":"https:\/\/egiarecords.com\/eu\/wp-json\/wp\/v2\/product_cat?post=3104"},{"taxonomy":"product_tag","embeddable":true,"href":"https:\/\/egiarecords.com\/eu\/wp-json\/wp\/v2\/product_tag?post=3104"},{"taxonomy":"sello","embeddable":true,"href":"https:\/\/egiarecords.com\/eu\/wp-json\/wp\/v2\/sello?post=3104"},{"taxonomy":"artista","embeddable":true,"href":"https:\/\/egiarecords.com\/eu\/wp-json\/wp\/v2\/artista?post=3104"}],"curies":[{"name":"wp","href":"https:\/\/api.w.org\/{rel}","templated":true}]}}