{"id":3093,"date":"2026-01-21T19:57:37","date_gmt":"2026-01-21T18:57:37","guid":{"rendered":"https:\/\/egiarecords.com\/?post_type=product&#038;p=3093"},"modified":"2026-04-04T10:45:01","modified_gmt":"2026-04-04T08:45:01","slug":"lewis-capaldi-broken-by-desire-to-be-heavenly-sent","status":"publish","type":"product","link":"https:\/\/egiarecords.com\/eu\/denda\/lewis-capaldi-broken-by-desire-to-be-heavenly-sent\/","title":{"rendered":"Lewis Capaldi &#8211; Broken By Desire To Be Heavenly Sent"},"content":{"rendered":"<p>Con \u00e9xitos como &#8216;Forget Me&#8217; y &#8216;Pointless&#8217;, el trabajo debut\u00f3 en lo m\u00e1s alto de las listas, demostrando que su f\u00f3rmula de emoci\u00f3n pura y letras directas sigue conectando con millones de personas<\/p>\n","protected":false},"excerpt":{"rendered":"<p>Con \u00e9xitos como &#8216;Forget Me&#8217; y &#8216;Pointless&#8217;, el trabajo debut\u00f3 en lo m\u00e1s alto de las listas, demostrando que su f\u00f3rmula de emoci\u00f3n pura y letras directas sigue conectando con millones de personas<\/p>\n","protected":false},"featured_media":3095,"template":"","meta":[],"product_brand":[],"product_cat":[689],"product_tag":[],"sello":[632,1053],"artista":[1052],"class_list":{"0":"post-3093","1":"product","2":"type-product","3":"status-publish","4":"has-post-thumbnail","6":"product_cat-vinilos","7":"sello-universal-music-group","8":"sello-vertigo","9":"artista-lewis-capaldi","10":"fecha-306","11":"estilo-alt-pop","12":"estilo-ballad","13":"estilo-indie-pop","14":"estilo-vocal","16":"first","17":"instock","18":"taxable","19":"shipping-taxable","20":"purchasable","21":"product-type-simple"},"_links":{"self":[{"href":"https:\/\/egiarecords.com\/eu\/wp-json\/wp\/v2\/product\/3093","targetHints":{"allow":["GET"]}}],"collection":[{"href":"https:\/\/egiarecords.com\/eu\/wp-json\/wp\/v2\/product"}],"about":[{"href":"https:\/\/egiarecords.com\/eu\/wp-json\/wp\/v2\/types\/product"}],"wp:featuredmedia":[{"embeddable":true,"href":"https:\/\/egiarecords.com\/eu\/wp-json\/wp\/v2\/media\/3095"}],"wp:attachment":[{"href":"https:\/\/egiarecords.com\/eu\/wp-json\/wp\/v2\/media?parent=3093"}],"wp:term":[{"taxonomy":"product_brand","embeddable":true,"href":"https:\/\/egiarecords.com\/eu\/wp-json\/wp\/v2\/product_brand?post=3093"},{"taxonomy":"product_cat","embeddable":true,"href":"https:\/\/egiarecords.com\/eu\/wp-json\/wp\/v2\/product_cat?post=3093"},{"taxonomy":"product_tag","embeddable":true,"href":"https:\/\/egiarecords.com\/eu\/wp-json\/wp\/v2\/product_tag?post=3093"},{"taxonomy":"sello","embeddable":true,"href":"https:\/\/egiarecords.com\/eu\/wp-json\/wp\/v2\/sello?post=3093"},{"taxonomy":"artista","embeddable":true,"href":"https:\/\/egiarecords.com\/eu\/wp-json\/wp\/v2\/artista?post=3093"}],"curies":[{"name":"wp","href":"https:\/\/api.w.org\/{rel}","templated":true}]}}