{"id":2966,"date":"2026-01-18T19:28:28","date_gmt":"2026-01-18T18:28:28","guid":{"rendered":"https:\/\/egiarecords.com\/?post_type=product&#038;p=2966"},"modified":"2026-04-16T16:48:12","modified_gmt":"2026-04-16T14:48:12","slug":"ke-lepo-izpi","status":"publish","type":"product","link":"https:\/\/egiarecords.com\/eu\/denda\/ke-lepo-izpi\/","title":{"rendered":"Ke Lepo &#8211; Izpi"},"content":{"rendered":"<p>Una muestra brillante de la vitalidad de la escena electr\u00f3nica de Euskal Herria, capaz de exportar sonidos abstractos y magn\u00e9ticos que dialogan de t\u00fa a t\u00fa con la vanguardia internacional<\/p>\n","protected":false},"excerpt":{"rendered":"<p>Una muestra brillante de la vitalidad de la escena electr\u00f3nica de Euskal Herria, capaz de exportar sonidos abstractos y magn\u00e9ticos que dialogan de t\u00fa a t\u00fa con la vanguardia internacional<\/p>\n","protected":false},"featured_media":2969,"template":"","meta":[],"product_brand":[],"product_cat":[689],"product_tag":[],"sello":[316],"artista":[1030],"class_list":{"0":"post-2966","1":"product","2":"type-product","3":"status-publish","4":"has-post-thumbnail","6":"product_cat-vinilos","7":"sello-forbidden-colours","8":"artista-ke-lepo","9":"fecha-306","10":"estilo-abstract","12":"first","13":"instock","14":"taxable","15":"shipping-taxable","16":"purchasable","17":"product-type-simple"},"_links":{"self":[{"href":"https:\/\/egiarecords.com\/eu\/wp-json\/wp\/v2\/product\/2966","targetHints":{"allow":["GET"]}}],"collection":[{"href":"https:\/\/egiarecords.com\/eu\/wp-json\/wp\/v2\/product"}],"about":[{"href":"https:\/\/egiarecords.com\/eu\/wp-json\/wp\/v2\/types\/product"}],"wp:featuredmedia":[{"embeddable":true,"href":"https:\/\/egiarecords.com\/eu\/wp-json\/wp\/v2\/media\/2969"}],"wp:attachment":[{"href":"https:\/\/egiarecords.com\/eu\/wp-json\/wp\/v2\/media?parent=2966"}],"wp:term":[{"taxonomy":"product_brand","embeddable":true,"href":"https:\/\/egiarecords.com\/eu\/wp-json\/wp\/v2\/product_brand?post=2966"},{"taxonomy":"product_cat","embeddable":true,"href":"https:\/\/egiarecords.com\/eu\/wp-json\/wp\/v2\/product_cat?post=2966"},{"taxonomy":"product_tag","embeddable":true,"href":"https:\/\/egiarecords.com\/eu\/wp-json\/wp\/v2\/product_tag?post=2966"},{"taxonomy":"sello","embeddable":true,"href":"https:\/\/egiarecords.com\/eu\/wp-json\/wp\/v2\/sello?post=2966"},{"taxonomy":"artista","embeddable":true,"href":"https:\/\/egiarecords.com\/eu\/wp-json\/wp\/v2\/artista?post=2966"}],"curies":[{"name":"wp","href":"https:\/\/api.w.org\/{rel}","templated":true}]}}