{"id":2741,"date":"2026-01-18T17:49:51","date_gmt":"2026-01-18T16:49:51","guid":{"rendered":"https:\/\/egiarecords.com\/?post_type=product&#038;p=2741"},"modified":"2026-04-03T17:38:38","modified_gmt":"2026-04-03T15:38:38","slug":"guns-n-roses-use-your-illusion-i","status":"publish","type":"product","link":"https:\/\/egiarecords.com\/eu\/denda\/guns-n-roses-use-your-illusion-i\/","title":{"rendered":"Guns N&#8217; Roses &#8211; Use Your Illusion I"},"content":{"rendered":"<p>Con este trabajo, Axl Rose y compa\u00f1\u00eda demostraron que eran mucho m\u00e1s que una banda de rock salvaje, consolid\u00e1ndose como los arquitectos de los himnos m\u00e1s ambiciosos de los a\u00f1os 90<\/p>\n","protected":false},"excerpt":{"rendered":"<p>Con este trabajo, Axl Rose y compa\u00f1\u00eda demostraron que eran mucho m\u00e1s que una banda de rock salvaje, consolid\u00e1ndose como los arquitectos de los himnos m\u00e1s ambiciosos de los a\u00f1os 90<\/p>\n","protected":false},"featured_media":2746,"template":"","meta":[],"product_brand":[],"product_cat":[689],"product_tag":[],"sello":[970,1048,971],"artista":[969],"class_list":{"0":"post-2741","1":"product","2":"type-product","3":"status-publish","4":"has-post-thumbnail","6":"product_cat-vinilos","7":"sello-geffen-records","8":"sello-ume","9":"sello-uzi-suicide","10":"artista-guns-n-roses","11":"fecha-317","12":"estilo-blues-rock","13":"estilo-hard-rock","14":"estilo-rock-roll","16":"first","17":"instock","18":"taxable","19":"shipping-taxable","20":"purchasable","21":"product-type-simple"},"_links":{"self":[{"href":"https:\/\/egiarecords.com\/eu\/wp-json\/wp\/v2\/product\/2741","targetHints":{"allow":["GET"]}}],"collection":[{"href":"https:\/\/egiarecords.com\/eu\/wp-json\/wp\/v2\/product"}],"about":[{"href":"https:\/\/egiarecords.com\/eu\/wp-json\/wp\/v2\/types\/product"}],"wp:featuredmedia":[{"embeddable":true,"href":"https:\/\/egiarecords.com\/eu\/wp-json\/wp\/v2\/media\/2746"}],"wp:attachment":[{"href":"https:\/\/egiarecords.com\/eu\/wp-json\/wp\/v2\/media?parent=2741"}],"wp:term":[{"taxonomy":"product_brand","embeddable":true,"href":"https:\/\/egiarecords.com\/eu\/wp-json\/wp\/v2\/product_brand?post=2741"},{"taxonomy":"product_cat","embeddable":true,"href":"https:\/\/egiarecords.com\/eu\/wp-json\/wp\/v2\/product_cat?post=2741"},{"taxonomy":"product_tag","embeddable":true,"href":"https:\/\/egiarecords.com\/eu\/wp-json\/wp\/v2\/product_tag?post=2741"},{"taxonomy":"sello","embeddable":true,"href":"https:\/\/egiarecords.com\/eu\/wp-json\/wp\/v2\/sello?post=2741"},{"taxonomy":"artista","embeddable":true,"href":"https:\/\/egiarecords.com\/eu\/wp-json\/wp\/v2\/artista?post=2741"}],"curies":[{"name":"wp","href":"https:\/\/api.w.org\/{rel}","templated":true}]}}