{"id":2728,"date":"2026-01-18T17:37:58","date_gmt":"2026-01-18T16:37:58","guid":{"rendered":"https:\/\/egiarecords.com\/?post_type=product&#038;p=2728"},"modified":"2026-03-14T13:52:20","modified_gmt":"2026-03-14T12:52:20","slug":"gorillaz-gorillaz","status":"publish","type":"product","link":"https:\/\/egiarecords.com\/eu\/denda\/gorillaz-gorillaz\/","title":{"rendered":"Gorillaz &#8211; Humanz"},"content":{"rendered":"<p>Con un reparto estelar que incluye a Vince Staples, Grace Jones y De La Soul, <i data-path-to-node=\"2,2,0\" data-index-in-node=\"95\">Humanz<\/i> reafirm\u00f3 a Damon Albarn como el gran maestro de ceremonias capaz de unir g\u00e9neros dispares en un concepto visual y sonoro \u00fanico.<\/p>\n","protected":false},"excerpt":{"rendered":"<p>Con un reparto estelar que incluye a Vince Staples, Grace Jones y De La Soul, Humanz reafirm\u00f3 a Damon Albarn como el gran maestro de ceremonias capaz de unir g\u00e9neros dispares en un concepto visual y sonoro \u00fanico.<\/p>\n","protected":false},"featured_media":2733,"template":"","meta":[],"product_brand":[],"product_cat":[689],"product_tag":[],"sello":[400],"artista":[967],"class_list":{"0":"post-2728","1":"product","2":"type-product","3":"status-publish","4":"has-post-thumbnail","6":"product_cat-vinilos","7":"sello-parlophone","8":"artista-gorillaz","10":"first","11":"instock","12":"taxable","13":"shipping-taxable","14":"purchasable","15":"product-type-simple"},"_links":{"self":[{"href":"https:\/\/egiarecords.com\/eu\/wp-json\/wp\/v2\/product\/2728","targetHints":{"allow":["GET"]}}],"collection":[{"href":"https:\/\/egiarecords.com\/eu\/wp-json\/wp\/v2\/product"}],"about":[{"href":"https:\/\/egiarecords.com\/eu\/wp-json\/wp\/v2\/types\/product"}],"wp:featuredmedia":[{"embeddable":true,"href":"https:\/\/egiarecords.com\/eu\/wp-json\/wp\/v2\/media\/2733"}],"wp:attachment":[{"href":"https:\/\/egiarecords.com\/eu\/wp-json\/wp\/v2\/media?parent=2728"}],"wp:term":[{"taxonomy":"product_brand","embeddable":true,"href":"https:\/\/egiarecords.com\/eu\/wp-json\/wp\/v2\/product_brand?post=2728"},{"taxonomy":"product_cat","embeddable":true,"href":"https:\/\/egiarecords.com\/eu\/wp-json\/wp\/v2\/product_cat?post=2728"},{"taxonomy":"product_tag","embeddable":true,"href":"https:\/\/egiarecords.com\/eu\/wp-json\/wp\/v2\/product_tag?post=2728"},{"taxonomy":"sello","embeddable":true,"href":"https:\/\/egiarecords.com\/eu\/wp-json\/wp\/v2\/sello?post=2728"},{"taxonomy":"artista","embeddable":true,"href":"https:\/\/egiarecords.com\/eu\/wp-json\/wp\/v2\/artista?post=2728"}],"curies":[{"name":"wp","href":"https:\/\/api.w.org\/{rel}","templated":true}]}}