{"id":2430,"date":"2026-01-18T16:26:21","date_gmt":"2026-01-18T15:26:21","guid":{"rendered":"https:\/\/egiarecords.com\/?post_type=product&#038;p=2430"},"modified":"2026-04-25T10:31:49","modified_gmt":"2026-04-25T08:31:49","slug":"cleo-sol-gold","status":"publish","type":"product","link":"https:\/\/egiarecords.com\/eu\/denda\/cleo-sol-gold\/","title":{"rendered":"Cleo Sol &#8211; Gold"},"content":{"rendered":"<p>Con la producci\u00f3n magistral de Inflo, el \u00e1lbum ofrece un sonido org\u00e1nico y atemporal, donde los arreglos de gospel y jazz se entrelazan con la voz sedosa de Cleo para crear una atm\u00f3sfera de paz absoluta<\/p>\n","protected":false},"excerpt":{"rendered":"<p>Con la producci\u00f3n magistral de Inflo, el \u00e1lbum ofrece un sonido org\u00e1nico y atemporal, donde los arreglos de gospel y jazz se entrelazan con la voz sedosa de Cleo para crear una atm\u00f3sfera de paz absoluta<\/p>\n","protected":false},"featured_media":2432,"template":"","meta":[],"product_brand":[],"product_cat":[689],"product_tag":[],"sello":[909],"artista":[908],"class_list":{"0":"post-2430","1":"product","2":"type-product","3":"status-publish","4":"has-post-thumbnail","6":"product_cat-vinilos","7":"sello-forever-living-originals","8":"artista-cleo-sol","9":"fecha-334","10":"estilo-contemporary-rb","11":"estilo-gospel","12":"estilo-neo-soul","14":"first","15":"outofstock","16":"taxable","17":"shipping-taxable","18":"purchasable","19":"product-type-simple"},"_links":{"self":[{"href":"https:\/\/egiarecords.com\/eu\/wp-json\/wp\/v2\/product\/2430","targetHints":{"allow":["GET"]}}],"collection":[{"href":"https:\/\/egiarecords.com\/eu\/wp-json\/wp\/v2\/product"}],"about":[{"href":"https:\/\/egiarecords.com\/eu\/wp-json\/wp\/v2\/types\/product"}],"wp:featuredmedia":[{"embeddable":true,"href":"https:\/\/egiarecords.com\/eu\/wp-json\/wp\/v2\/media\/2432"}],"wp:attachment":[{"href":"https:\/\/egiarecords.com\/eu\/wp-json\/wp\/v2\/media?parent=2430"}],"wp:term":[{"taxonomy":"product_brand","embeddable":true,"href":"https:\/\/egiarecords.com\/eu\/wp-json\/wp\/v2\/product_brand?post=2430"},{"taxonomy":"product_cat","embeddable":true,"href":"https:\/\/egiarecords.com\/eu\/wp-json\/wp\/v2\/product_cat?post=2430"},{"taxonomy":"product_tag","embeddable":true,"href":"https:\/\/egiarecords.com\/eu\/wp-json\/wp\/v2\/product_tag?post=2430"},{"taxonomy":"sello","embeddable":true,"href":"https:\/\/egiarecords.com\/eu\/wp-json\/wp\/v2\/sello?post=2430"},{"taxonomy":"artista","embeddable":true,"href":"https:\/\/egiarecords.com\/eu\/wp-json\/wp\/v2\/artista?post=2430"}],"curies":[{"name":"wp","href":"https:\/\/api.w.org\/{rel}","templated":true}]}}