{"id":2424,"date":"2026-01-18T16:25:41","date_gmt":"2026-01-18T15:25:41","guid":{"rendered":"https:\/\/egiarecords.com\/?post_type=product&#038;p=2424"},"modified":"2026-04-29T18:07:10","modified_gmt":"2026-04-29T16:07:10","slug":"cleo-sol-heaven","status":"publish","type":"product","link":"https:\/\/egiarecords.com\/eu\/denda\/cleo-sol-heaven\/","title":{"rendered":"Cleo Sol &#8211; Heaven"},"content":{"rendered":"<p>Con una producci\u00f3n minimalista y org\u00e1nica a cargo de Inflo, el disco prescinde de artificios para centrarse en arreglos de gospel, soul cl\u00e1sico y armon\u00edas que elevan el esp\u00edritu.<\/p>\n","protected":false},"excerpt":{"rendered":"<p>Con una producci\u00f3n minimalista y org\u00e1nica a cargo de Inflo, el disco prescinde de artificios para centrarse en arreglos de gospel, soul cl\u00e1sico y armon\u00edas que elevan el esp\u00edritu.<\/p>\n","protected":false},"featured_media":2428,"template":"","meta":[],"product_brand":[],"product_cat":[689],"product_tag":[],"sello":[909],"artista":[908],"class_list":{"0":"post-2424","1":"product","2":"type-product","3":"status-publish","4":"has-post-thumbnail","6":"product_cat-vinilos","7":"sello-forever-living-originals","8":"artista-cleo-sol","9":"fecha-334","10":"estilo-neo-soul","11":"estilo-soul","13":"first","14":"instock","15":"taxable","16":"shipping-taxable","17":"purchasable","18":"product-type-simple"},"_links":{"self":[{"href":"https:\/\/egiarecords.com\/eu\/wp-json\/wp\/v2\/product\/2424","targetHints":{"allow":["GET"]}}],"collection":[{"href":"https:\/\/egiarecords.com\/eu\/wp-json\/wp\/v2\/product"}],"about":[{"href":"https:\/\/egiarecords.com\/eu\/wp-json\/wp\/v2\/types\/product"}],"wp:featuredmedia":[{"embeddable":true,"href":"https:\/\/egiarecords.com\/eu\/wp-json\/wp\/v2\/media\/2428"}],"wp:attachment":[{"href":"https:\/\/egiarecords.com\/eu\/wp-json\/wp\/v2\/media?parent=2424"}],"wp:term":[{"taxonomy":"product_brand","embeddable":true,"href":"https:\/\/egiarecords.com\/eu\/wp-json\/wp\/v2\/product_brand?post=2424"},{"taxonomy":"product_cat","embeddable":true,"href":"https:\/\/egiarecords.com\/eu\/wp-json\/wp\/v2\/product_cat?post=2424"},{"taxonomy":"product_tag","embeddable":true,"href":"https:\/\/egiarecords.com\/eu\/wp-json\/wp\/v2\/product_tag?post=2424"},{"taxonomy":"sello","embeddable":true,"href":"https:\/\/egiarecords.com\/eu\/wp-json\/wp\/v2\/sello?post=2424"},{"taxonomy":"artista","embeddable":true,"href":"https:\/\/egiarecords.com\/eu\/wp-json\/wp\/v2\/artista?post=2424"}],"curies":[{"name":"wp","href":"https:\/\/api.w.org\/{rel}","templated":true}]}}