{"id":2258,"date":"2026-01-18T15:43:08","date_gmt":"2026-01-18T14:43:08","guid":{"rendered":"https:\/\/egiarecords.com\/?post_type=product&#038;p=2258"},"modified":"2026-02-05T10:58:32","modified_gmt":"2026-02-05T09:58:32","slug":"b-b-king-live-at-the-regal","status":"publish","type":"product","link":"https:\/\/egiarecords.com\/eu\/denda\/b-b-king-live-at-the-regal\/","title":{"rendered":"B.B. King &#8211; Live At The Regal"},"content":{"rendered":"<p>La biblia del blues en directo. Un testimonio hist\u00f3rico donde B.B. King y su guitarra &#8216;Lucille&#8217; alcanzan una comuni\u00f3n perfecta, dictando una lecci\u00f3n magistral de fraseo, sentimiento y control esc\u00e9nico<\/p>\n","protected":false},"excerpt":{"rendered":"<p>La biblia del blues en directo. Un testimonio hist\u00f3rico donde B.B. King y su guitarra &#8216;Lucille&#8217; alcanzan una comuni\u00f3n perfecta, dictando una lecci\u00f3n magistral de fraseo, sentimiento y control esc\u00e9nico<\/p>\n","protected":false},"featured_media":2262,"template":"","meta":[],"product_brand":[],"product_cat":[689],"product_tag":[],"sello":[874],"artista":[873],"class_list":{"0":"post-2258","1":"product","2":"type-product","3":"status-publish","4":"has-post-thumbnail","6":"product_cat-vinilos","7":"sello-mca-records","8":"artista-b-b-king","9":"fecha-312","10":"estilo-chicago-blues","12":"first","13":"onbackorder","14":"taxable","15":"shipping-taxable","16":"purchasable","17":"product-type-simple"},"_links":{"self":[{"href":"https:\/\/egiarecords.com\/eu\/wp-json\/wp\/v2\/product\/2258","targetHints":{"allow":["GET"]}}],"collection":[{"href":"https:\/\/egiarecords.com\/eu\/wp-json\/wp\/v2\/product"}],"about":[{"href":"https:\/\/egiarecords.com\/eu\/wp-json\/wp\/v2\/types\/product"}],"wp:featuredmedia":[{"embeddable":true,"href":"https:\/\/egiarecords.com\/eu\/wp-json\/wp\/v2\/media\/2262"}],"wp:attachment":[{"href":"https:\/\/egiarecords.com\/eu\/wp-json\/wp\/v2\/media?parent=2258"}],"wp:term":[{"taxonomy":"product_brand","embeddable":true,"href":"https:\/\/egiarecords.com\/eu\/wp-json\/wp\/v2\/product_brand?post=2258"},{"taxonomy":"product_cat","embeddable":true,"href":"https:\/\/egiarecords.com\/eu\/wp-json\/wp\/v2\/product_cat?post=2258"},{"taxonomy":"product_tag","embeddable":true,"href":"https:\/\/egiarecords.com\/eu\/wp-json\/wp\/v2\/product_tag?post=2258"},{"taxonomy":"sello","embeddable":true,"href":"https:\/\/egiarecords.com\/eu\/wp-json\/wp\/v2\/sello?post=2258"},{"taxonomy":"artista","embeddable":true,"href":"https:\/\/egiarecords.com\/eu\/wp-json\/wp\/v2\/artista?post=2258"}],"curies":[{"name":"wp","href":"https:\/\/api.w.org\/{rel}","templated":true}]}}