{"id":2224,"date":"2026-01-16T09:44:35","date_gmt":"2026-01-16T08:44:35","guid":{"rendered":"https:\/\/egiarecords.com\/?post_type=product&#038;p=2224"},"modified":"2026-03-24T17:15:31","modified_gmt":"2026-03-24T16:15:31","slug":"arctic-monkeys-am","status":"publish","type":"product","link":"https:\/\/egiarecords.com\/eu\/denda\/arctic-monkeys-am\/","title":{"rendered":"Arctic Monkeys &#8211; AM"},"content":{"rendered":"<p>El disco que convirti\u00f3 el rock en puro deseo. Una clase magistral de <i data-path-to-node=\"3,0,0\" data-index-in-node=\"87\">groove<\/i>, chuler\u00eda y riffs hipn\u00f3ticos dise\u00f1ada para sonar en los clubes m\u00e1s oscuros de la ciudad.<\/p>\n","protected":false},"excerpt":{"rendered":"<p>El disco que convirti\u00f3 el rock en puro deseo. Una clase magistral de groove, chuler\u00eda y riffs hipn\u00f3ticos dise\u00f1ada para sonar en los clubes m\u00e1s oscuros de la ciudad.<\/p>\n","protected":false},"featured_media":2228,"template":"","meta":[],"product_brand":[],"product_cat":[689],"product_tag":[],"sello":[859],"artista":[858],"class_list":{"0":"post-2224","1":"product","2":"type-product","3":"status-publish","4":"has-post-thumbnail","6":"product_cat-vinilos","7":"sello-domino","8":"artista-arctic-monkeys","9":"fecha-306","10":"estilo-alternative-rock","11":"estilo-indie-rock","13":"first","14":"instock","15":"taxable","16":"shipping-taxable","17":"purchasable","18":"product-type-simple"},"_links":{"self":[{"href":"https:\/\/egiarecords.com\/eu\/wp-json\/wp\/v2\/product\/2224","targetHints":{"allow":["GET"]}}],"collection":[{"href":"https:\/\/egiarecords.com\/eu\/wp-json\/wp\/v2\/product"}],"about":[{"href":"https:\/\/egiarecords.com\/eu\/wp-json\/wp\/v2\/types\/product"}],"wp:featuredmedia":[{"embeddable":true,"href":"https:\/\/egiarecords.com\/eu\/wp-json\/wp\/v2\/media\/2228"}],"wp:attachment":[{"href":"https:\/\/egiarecords.com\/eu\/wp-json\/wp\/v2\/media?parent=2224"}],"wp:term":[{"taxonomy":"product_brand","embeddable":true,"href":"https:\/\/egiarecords.com\/eu\/wp-json\/wp\/v2\/product_brand?post=2224"},{"taxonomy":"product_cat","embeddable":true,"href":"https:\/\/egiarecords.com\/eu\/wp-json\/wp\/v2\/product_cat?post=2224"},{"taxonomy":"product_tag","embeddable":true,"href":"https:\/\/egiarecords.com\/eu\/wp-json\/wp\/v2\/product_tag?post=2224"},{"taxonomy":"sello","embeddable":true,"href":"https:\/\/egiarecords.com\/eu\/wp-json\/wp\/v2\/sello?post=2224"},{"taxonomy":"artista","embeddable":true,"href":"https:\/\/egiarecords.com\/eu\/wp-json\/wp\/v2\/artista?post=2224"}],"curies":[{"name":"wp","href":"https:\/\/api.w.org\/{rel}","templated":true}]}}