{"id":2205,"date":"2026-01-16T09:38:50","date_gmt":"2026-01-16T08:38:50","guid":{"rendered":"https:\/\/egiarecords.com\/?post_type=product&#038;p=2205"},"modified":"2026-03-24T13:26:57","modified_gmt":"2026-03-24T12:26:57","slug":"alt-j-an-awesome-wave-2","status":"publish","type":"product","link":"https:\/\/egiarecords.com\/eu\/denda\/alt-j-an-awesome-wave-2\/","title":{"rendered":"alt-J &#8211; An Awesome Wave"},"content":{"rendered":"<p>Un puzle sonoro fascinante: indie-rock geom\u00e9trico que mezcla texturas folcl\u00f3ricas con sintetizadores hipn\u00f3ticos para crear un debut irrepetible<\/p>\n","protected":false},"excerpt":{"rendered":"<p>Un puzle sonoro fascinante: indie-rock geom\u00e9trico que mezcla texturas folcl\u00f3ricas con sintetizadores hipn\u00f3ticos para crear un debut irrepetible<\/p>\n","protected":false},"featured_media":2207,"template":"","meta":[],"product_brand":[],"product_cat":[689],"product_tag":[],"sello":[841,852,851],"artista":[850],"class_list":{"0":"post-2205","1":"product","2":"type-product","3":"status-publish","4":"has-post-thumbnail","6":"product_cat-vinilos","7":"sello-atlantic","8":"sello-canvasback","9":"sello-infectious-music","10":"artista-alt-j","11":"fecha-317","12":"estilo-experimental","13":"estilo-folk-rock","14":"estilo-indie-rock","16":"first","17":"instock","18":"taxable","19":"shipping-taxable","20":"purchasable","21":"product-type-simple"},"_links":{"self":[{"href":"https:\/\/egiarecords.com\/eu\/wp-json\/wp\/v2\/product\/2205","targetHints":{"allow":["GET"]}}],"collection":[{"href":"https:\/\/egiarecords.com\/eu\/wp-json\/wp\/v2\/product"}],"about":[{"href":"https:\/\/egiarecords.com\/eu\/wp-json\/wp\/v2\/types\/product"}],"wp:featuredmedia":[{"embeddable":true,"href":"https:\/\/egiarecords.com\/eu\/wp-json\/wp\/v2\/media\/2207"}],"wp:attachment":[{"href":"https:\/\/egiarecords.com\/eu\/wp-json\/wp\/v2\/media?parent=2205"}],"wp:term":[{"taxonomy":"product_brand","embeddable":true,"href":"https:\/\/egiarecords.com\/eu\/wp-json\/wp\/v2\/product_brand?post=2205"},{"taxonomy":"product_cat","embeddable":true,"href":"https:\/\/egiarecords.com\/eu\/wp-json\/wp\/v2\/product_cat?post=2205"},{"taxonomy":"product_tag","embeddable":true,"href":"https:\/\/egiarecords.com\/eu\/wp-json\/wp\/v2\/product_tag?post=2205"},{"taxonomy":"sello","embeddable":true,"href":"https:\/\/egiarecords.com\/eu\/wp-json\/wp\/v2\/sello?post=2205"},{"taxonomy":"artista","embeddable":true,"href":"https:\/\/egiarecords.com\/eu\/wp-json\/wp\/v2\/artista?post=2205"}],"curies":[{"name":"wp","href":"https:\/\/api.w.org\/{rel}","templated":true}]}}