{"id":2138,"date":"2026-01-16T09:21:02","date_gmt":"2026-01-16T08:21:02","guid":{"rendered":"https:\/\/egiarecords.com\/?post_type=product&#038;p=2138"},"modified":"2026-03-24T18:45:54","modified_gmt":"2026-03-24T17:45:54","slug":"anari-giza-zarata","status":"publish","type":"product","link":"https:\/\/egiarecords.com\/eu\/denda\/anari-giza-zarata\/","title":{"rendered":"Anari &#8211; Giza Zarata"},"content":{"rendered":"<p>M\u00fasica que habita en las cicatrices. Entre guitarras tensas y una l\u00edrica desgarradora, <i data-path-to-node=\"3,1,0\" data-index-in-node=\"110\">Giza Zarata<\/i> es un ejercicio de madurez sonora que nos recuerda que el ruido m\u00e1s fuerte es el que llevamos dentro.<\/p>\n","protected":false},"excerpt":{"rendered":"<p>M\u00fasica que habita en las cicatrices. Entre guitarras tensas y una l\u00edrica desgarradora, Giza Zarata es un ejercicio de madurez sonora que nos recuerda que el ruido m\u00e1s fuerte es el que llevamos dentro.<\/p>\n","protected":false},"featured_media":2150,"template":"","meta":[],"product_brand":[],"product_cat":[689],"product_tag":[],"sello":[832],"artista":[831],"class_list":{"0":"post-2138","1":"product","2":"type-product","3":"status-publish","4":"has-post-thumbnail","6":"product_cat-vinilos","7":"sello-tristuraren-industria","8":"artista-anari","9":"fecha-334","10":"estilo-alternative-rock","12":"first","13":"instock","14":"featured","15":"taxable","16":"shipping-taxable","17":"purchasable","18":"product-type-simple"},"_links":{"self":[{"href":"https:\/\/egiarecords.com\/eu\/wp-json\/wp\/v2\/product\/2138","targetHints":{"allow":["GET"]}}],"collection":[{"href":"https:\/\/egiarecords.com\/eu\/wp-json\/wp\/v2\/product"}],"about":[{"href":"https:\/\/egiarecords.com\/eu\/wp-json\/wp\/v2\/types\/product"}],"wp:featuredmedia":[{"embeddable":true,"href":"https:\/\/egiarecords.com\/eu\/wp-json\/wp\/v2\/media\/2150"}],"wp:attachment":[{"href":"https:\/\/egiarecords.com\/eu\/wp-json\/wp\/v2\/media?parent=2138"}],"wp:term":[{"taxonomy":"product_brand","embeddable":true,"href":"https:\/\/egiarecords.com\/eu\/wp-json\/wp\/v2\/product_brand?post=2138"},{"taxonomy":"product_cat","embeddable":true,"href":"https:\/\/egiarecords.com\/eu\/wp-json\/wp\/v2\/product_cat?post=2138"},{"taxonomy":"product_tag","embeddable":true,"href":"https:\/\/egiarecords.com\/eu\/wp-json\/wp\/v2\/product_tag?post=2138"},{"taxonomy":"sello","embeddable":true,"href":"https:\/\/egiarecords.com\/eu\/wp-json\/wp\/v2\/sello?post=2138"},{"taxonomy":"artista","embeddable":true,"href":"https:\/\/egiarecords.com\/eu\/wp-json\/wp\/v2\/artista?post=2138"}],"curies":[{"name":"wp","href":"https:\/\/api.w.org\/{rel}","templated":true}]}}