{"id":2120,"date":"2026-01-14T13:28:23","date_gmt":"2026-01-14T12:28:23","guid":{"rendered":"https:\/\/egiarecords.com\/?post_type=product&#038;p=2120"},"modified":"2026-03-04T17:08:29","modified_gmt":"2026-03-04T16:08:29","slug":"anestesia-gorrotoaren-ahotsa","status":"publish","type":"product","link":"https:\/\/egiarecords.com\/eu\/denda\/anestesia-gorrotoaren-ahotsa\/","title":{"rendered":"Anestesia &#8211; Gorrotoaren Ahotsa"},"content":{"rendered":"<p>Una clase magistral de Thrash-Crossover. Riffs quir\u00fargicos y una l\u00edrica cargada de bilis social que convirti\u00f3 a Mikel Kazalis y los suyos en los arquitectos del sonido m\u00e1s pesado de los 90<\/p>\n","protected":false},"excerpt":{"rendered":"<p>Una clase magistral de Thrash-Crossover. Riffs quir\u00fargicos y una l\u00edrica cargada de bilis social que convirti\u00f3 a Mikel Kazalis y los suyos en los arquitectos del sonido m\u00e1s pesado de los 90<\/p>\n","protected":false},"featured_media":2121,"template":"","meta":[],"product_brand":[],"product_cat":[689],"product_tag":[],"sello":[101],"artista":[818],"class_list":{"0":"post-2120","1":"product","2":"type-product","3":"status-publish","4":"has-post-thumbnail","6":"product_cat-vinilos","7":"sello-esan-ozenki","8":"artista-anestesia","9":"fecha-528","10":"estilo-hardcore","11":"estilo-thrash","13":"first","14":"instock","15":"taxable","16":"shipping-taxable","17":"purchasable","18":"product-type-simple"},"_links":{"self":[{"href":"https:\/\/egiarecords.com\/eu\/wp-json\/wp\/v2\/product\/2120","targetHints":{"allow":["GET"]}}],"collection":[{"href":"https:\/\/egiarecords.com\/eu\/wp-json\/wp\/v2\/product"}],"about":[{"href":"https:\/\/egiarecords.com\/eu\/wp-json\/wp\/v2\/types\/product"}],"wp:featuredmedia":[{"embeddable":true,"href":"https:\/\/egiarecords.com\/eu\/wp-json\/wp\/v2\/media\/2121"}],"wp:attachment":[{"href":"https:\/\/egiarecords.com\/eu\/wp-json\/wp\/v2\/media?parent=2120"}],"wp:term":[{"taxonomy":"product_brand","embeddable":true,"href":"https:\/\/egiarecords.com\/eu\/wp-json\/wp\/v2\/product_brand?post=2120"},{"taxonomy":"product_cat","embeddable":true,"href":"https:\/\/egiarecords.com\/eu\/wp-json\/wp\/v2\/product_cat?post=2120"},{"taxonomy":"product_tag","embeddable":true,"href":"https:\/\/egiarecords.com\/eu\/wp-json\/wp\/v2\/product_tag?post=2120"},{"taxonomy":"sello","embeddable":true,"href":"https:\/\/egiarecords.com\/eu\/wp-json\/wp\/v2\/sello?post=2120"},{"taxonomy":"artista","embeddable":true,"href":"https:\/\/egiarecords.com\/eu\/wp-json\/wp\/v2\/artista?post=2120"}],"curies":[{"name":"wp","href":"https:\/\/api.w.org\/{rel}","templated":true}]}}