{"id":1310,"date":"2025-12-20T10:55:30","date_gmt":"2025-12-20T09:55:30","guid":{"rendered":"https:\/\/egiarecords.com\/?post_type=product&#038;p=1310"},"modified":"2026-01-31T12:23:29","modified_gmt":"2026-01-31T11:23:29","slug":"yoruba-singers-basa-bongo-black-pepper","status":"publish","type":"product","link":"https:\/\/egiarecords.com\/eu\/denda\/yoruba-singers-basa-bongo-black-pepper\/","title":{"rendered":"Yoruba Singers &#8211; Basa Bongo \/ Black Pepper"},"content":{"rendered":"<p>Es una pulsaci\u00f3n magn\u00e9tica que conecta las ra\u00edces africanas con el sabor del Caribe, creando un groove hipn\u00f3tico que parece nacer directamente de la tierra.<\/p>\n","protected":false},"excerpt":{"rendered":"<p>Es una pulsaci\u00f3n magn\u00e9tica que conecta las ra\u00edces africanas con el sabor del Caribe, creando un groove hipn\u00f3tico que parece nacer directamente de la tierra.<\/p>\n","protected":false},"featured_media":1311,"template":"","meta":[],"product_brand":[],"product_cat":[689],"product_tag":[],"sello":[355],"artista":[688],"class_list":{"0":"post-1310","1":"product","2":"type-product","3":"status-publish","4":"has-post-thumbnail","6":"product_cat-vinilos","7":"sello-soundway","8":"artista-yoruba-singers","9":"fecha-306","10":"estilo-afrobeat","11":"estilo-disco","13":"first","14":"instock","15":"taxable","16":"shipping-taxable","17":"purchasable","18":"product-type-simple"},"_links":{"self":[{"href":"https:\/\/egiarecords.com\/eu\/wp-json\/wp\/v2\/product\/1310","targetHints":{"allow":["GET"]}}],"collection":[{"href":"https:\/\/egiarecords.com\/eu\/wp-json\/wp\/v2\/product"}],"about":[{"href":"https:\/\/egiarecords.com\/eu\/wp-json\/wp\/v2\/types\/product"}],"wp:featuredmedia":[{"embeddable":true,"href":"https:\/\/egiarecords.com\/eu\/wp-json\/wp\/v2\/media\/1311"}],"wp:attachment":[{"href":"https:\/\/egiarecords.com\/eu\/wp-json\/wp\/v2\/media?parent=1310"}],"wp:term":[{"taxonomy":"product_brand","embeddable":true,"href":"https:\/\/egiarecords.com\/eu\/wp-json\/wp\/v2\/product_brand?post=1310"},{"taxonomy":"product_cat","embeddable":true,"href":"https:\/\/egiarecords.com\/eu\/wp-json\/wp\/v2\/product_cat?post=1310"},{"taxonomy":"product_tag","embeddable":true,"href":"https:\/\/egiarecords.com\/eu\/wp-json\/wp\/v2\/product_tag?post=1310"},{"taxonomy":"sello","embeddable":true,"href":"https:\/\/egiarecords.com\/eu\/wp-json\/wp\/v2\/sello?post=1310"},{"taxonomy":"artista","embeddable":true,"href":"https:\/\/egiarecords.com\/eu\/wp-json\/wp\/v2\/artista?post=1310"}],"curies":[{"name":"wp","href":"https:\/\/api.w.org\/{rel}","templated":true}]}}