{"id":1287,"date":"2025-12-20T10:50:53","date_gmt":"2025-12-20T09:50:53","guid":{"rendered":"https:\/\/egiarecords.com\/?post_type=product&#038;p=1287"},"modified":"2026-01-27T10:59:19","modified_gmt":"2026-01-27T09:59:19","slug":"various-artists-body-beat-soca-dub-and-electronic-calypso-1979-98","status":"publish","type":"product","link":"https:\/\/egiarecords.com\/eu\/denda\/various-artists-body-beat-soca-dub-and-electronic-calypso-1979-98\/","title":{"rendered":"VARIOUS ARTISTS &#8211; Body Beat (Soca-Dub And Electronic Calypso 1979-98)"},"content":{"rendered":"<p>Compilaci\u00f3n de m\u00fasica caribe\u00f1a.<\/p>\n","protected":false},"excerpt":{"rendered":"<p>Compilaci\u00f3n de m\u00fasica caribe\u00f1a.<\/p>\n","protected":false},"featured_media":1288,"template":"","meta":[],"product_brand":[],"product_cat":[689],"product_tag":[],"sello":[355],"artista":[676],"class_list":{"0":"post-1287","1":"product","2":"type-product","3":"status-publish","4":"has-post-thumbnail","6":"product_cat-vinilos","7":"sello-soundway","8":"artista-various-artists","9":"fecha-320","10":"estilo-calypso","11":"estilo-disco","12":"estilo-dub","13":"estilo-soca","15":"first","16":"outofstock","17":"taxable","18":"shipping-taxable","19":"purchasable","20":"product-type-simple"},"_links":{"self":[{"href":"https:\/\/egiarecords.com\/eu\/wp-json\/wp\/v2\/product\/1287","targetHints":{"allow":["GET"]}}],"collection":[{"href":"https:\/\/egiarecords.com\/eu\/wp-json\/wp\/v2\/product"}],"about":[{"href":"https:\/\/egiarecords.com\/eu\/wp-json\/wp\/v2\/types\/product"}],"wp:featuredmedia":[{"embeddable":true,"href":"https:\/\/egiarecords.com\/eu\/wp-json\/wp\/v2\/media\/1288"}],"wp:attachment":[{"href":"https:\/\/egiarecords.com\/eu\/wp-json\/wp\/v2\/media?parent=1287"}],"wp:term":[{"taxonomy":"product_brand","embeddable":true,"href":"https:\/\/egiarecords.com\/eu\/wp-json\/wp\/v2\/product_brand?post=1287"},{"taxonomy":"product_cat","embeddable":true,"href":"https:\/\/egiarecords.com\/eu\/wp-json\/wp\/v2\/product_cat?post=1287"},{"taxonomy":"product_tag","embeddable":true,"href":"https:\/\/egiarecords.com\/eu\/wp-json\/wp\/v2\/product_tag?post=1287"},{"taxonomy":"sello","embeddable":true,"href":"https:\/\/egiarecords.com\/eu\/wp-json\/wp\/v2\/sello?post=1287"},{"taxonomy":"artista","embeddable":true,"href":"https:\/\/egiarecords.com\/eu\/wp-json\/wp\/v2\/artista?post=1287"}],"curies":[{"name":"wp","href":"https:\/\/api.w.org\/{rel}","templated":true}]}}