{"id":1129,"date":"2025-12-20T10:20:55","date_gmt":"2025-12-20T09:20:55","guid":{"rendered":"https:\/\/egiarecords.com\/?post_type=product&#038;p=1129"},"modified":"2026-03-31T17:27:43","modified_gmt":"2026-03-31T15:27:43","slug":"oye-manny-living-water","status":"publish","type":"product","link":"https:\/\/egiarecords.com\/eu\/denda\/oye-manny-living-water\/","title":{"rendered":"Oye Manny &#8211; Living Water"},"content":{"rendered":"<p>House Deep y Funky, con un enfoque org\u00e1nico y latino. M\u00fasica de club c\u00e1lida.<\/p>\n","protected":false},"excerpt":{"rendered":"<p>House Deep y Funky, con un enfoque org\u00e1nico y latino. M\u00fasica de club c\u00e1lida.<\/p>\n","protected":false},"featured_media":1130,"template":"","meta":[],"product_brand":[],"product_cat":[689],"product_tag":[],"sello":[589],"artista":[588],"class_list":{"0":"post-1129","1":"product","2":"type-product","3":"status-publish","4":"has-post-thumbnail","6":"product_cat-vinilos","7":"sello-darker-than-wax","8":"artista-oye-manny","9":"fecha-305","10":"estilo-deep-house","11":"estilo-house","13":"first","14":"outofstock","15":"taxable","16":"shipping-taxable","17":"purchasable","18":"product-type-simple"},"_links":{"self":[{"href":"https:\/\/egiarecords.com\/eu\/wp-json\/wp\/v2\/product\/1129","targetHints":{"allow":["GET"]}}],"collection":[{"href":"https:\/\/egiarecords.com\/eu\/wp-json\/wp\/v2\/product"}],"about":[{"href":"https:\/\/egiarecords.com\/eu\/wp-json\/wp\/v2\/types\/product"}],"wp:featuredmedia":[{"embeddable":true,"href":"https:\/\/egiarecords.com\/eu\/wp-json\/wp\/v2\/media\/1130"}],"wp:attachment":[{"href":"https:\/\/egiarecords.com\/eu\/wp-json\/wp\/v2\/media?parent=1129"}],"wp:term":[{"taxonomy":"product_brand","embeddable":true,"href":"https:\/\/egiarecords.com\/eu\/wp-json\/wp\/v2\/product_brand?post=1129"},{"taxonomy":"product_cat","embeddable":true,"href":"https:\/\/egiarecords.com\/eu\/wp-json\/wp\/v2\/product_cat?post=1129"},{"taxonomy":"product_tag","embeddable":true,"href":"https:\/\/egiarecords.com\/eu\/wp-json\/wp\/v2\/product_tag?post=1129"},{"taxonomy":"sello","embeddable":true,"href":"https:\/\/egiarecords.com\/eu\/wp-json\/wp\/v2\/sello?post=1129"},{"taxonomy":"artista","embeddable":true,"href":"https:\/\/egiarecords.com\/eu\/wp-json\/wp\/v2\/artista?post=1129"}],"curies":[{"name":"wp","href":"https:\/\/api.w.org\/{rel}","templated":true}]}}